{"id":592,"date":"2023-07-11T14:39:57","date_gmt":"2023-07-11T12:39:57","guid":{"rendered":"https:\/\/www.interface-traduction.com\/?page_id=592"},"modified":"2026-01-06T18:51:38","modified_gmt":"2026-01-06T17:51:38","slug":"traducteur-professionnel-arabe-lyon-paris","status":"publish","type":"page","link":"https:\/\/www.interface-traduction.com\/fr\/traducteur-professionnel-arabe-lyon-paris\/","title":{"rendered":"Traducteur Arabe"},"content":{"rendered":"\t\t<div data-elementor-type=\"wp-page\" data-elementor-id=\"592\" class=\"elementor elementor-592\" data-elementor-post-type=\"page\">\n\t\t\t\t\t\t<section class=\"elementor-section elementor-top-section elementor-element elementor-element-26de2f5 elementor-section-full_width elementor-section-height-default elementor-section-height-default elementor-invisible\" data-id=\"26de2f5\" data-element_type=\"section\" data-e-type=\"section\" data-settings=\"{&quot;animation&quot;:&quot;fadeIn&quot;}\">\n\t\t\t\t\t\t<div class=\"elementor-container elementor-column-gap-default\">\n\t\t\t\t\t<div class=\"elementor-column elementor-col-100 elementor-top-column elementor-element elementor-element-ce0c35d\" data-id=\"ce0c35d\" data-element_type=\"column\" data-e-type=\"column\">\n\t\t\t<div class=\"elementor-widget-wrap elementor-element-populated\">\n\t\t\t\t\t\t<div class=\"elementor-element elementor-element-8911821 elementor-widget__width-initial elementor-widget elementor-widget-text-editor\" data-id=\"8911821\" data-element_type=\"widget\" data-e-type=\"widget\" data-widget_type=\"text-editor.default\">\n\t\t\t\t<div class=\"elementor-widget-container\">\n\t\t\t\t\t\t\t\t\t<div class=\"clearfix text-formatted field field--name-body field--type-text-with-summary field--label-above\"><div class=\"field__item\"><div id=\"block-atinov-content\" class=\"block block-system block-system-main-block\"><div class=\"content\"><article class=\"node node--type-page node--view-mode-full clearfix\" role=\"article\" data-history-node-id=\"83\"><div class=\"node__content clearfix\"><div class=\"clearfix text-formatted field field--name-body field--type-text-with-summary field--label-hidden field__item\"><p>Avec Interface, traduction professionnelle arabe \/ fran\u00e7ais pour : communication, textes techniques, juridiques, m\u00e9dicaux et notices&#8230;<\/p><\/div><\/div><\/article><\/div><\/div><div id=\"block-views-block-section-vue-block-1\" class=\"views-element-container block block-views block-views-blocksection-vue-block-1\"><div class=\"content\"><div><div class=\"view view-section-vue view-id-section_vue view-display-id-block_1 js-view-dom-id-568de5b847a21b4ba7386927046676c15cfa3e70bc66de3c2285b59b84270de6\"><div class=\"view-content\"><div class=\"item-list\"><div class=\"views-field views-field-edit-node\">\u00a0<\/div><div class=\"views-field views-field-body\"><div class=\"field-content\"><p>L\u2019arabe est la langue officielle de plus de 200 millions de personnes et est parl\u00e9 dans 26 pays diff\u00e9rents. Devant cette forte repr\u00e9sentation de l\u2019arabe au niveau mondial, Interface met \u00e0 votre disposition des interpr\u00e8tes et\u00a0<a href=\"https:\/\/www.interface-traduction.com\/fr\/traduction-paris-lyon\/\">traducteurs professionnels<\/a>\u00a0arabes. Vous avez besoin d&rsquo;une traduction professionnelle et fid\u00e8le de documents officiels, technique, juridiques, m\u00e9dicaux ou de communication courante\u00a0? Notre agence de traduction a l&rsquo;\u00e9quipe dont vous avez besoin !<\/p><\/div><\/div><\/div><\/div><\/div><\/div><\/div><\/div><\/div><\/div>\t\t\t\t\t\t\t\t<\/div>\n\t\t\t\t<\/div>\n\t\t\t\t<div class=\"elementor-element elementor-element-4d7bc94 elementor-widget elementor-widget-heading\" data-id=\"4d7bc94\" data-element_type=\"widget\" data-e-type=\"widget\" data-widget_type=\"heading.default\">\n\t\t\t\t<div class=\"elementor-widget-container\">\n\t\t\t\t\t<h1 class=\"elementor-heading-title elementor-size-default\">FAIRE APPEL \u00c0 UNE AGENCE DE TRADUCTION ARABE<\/h1>\t\t\t\t<\/div>\n\t\t\t\t<\/div>\n\t\t\t\t<div class=\"elementor-element elementor-element-613060b elementor-widget__width-initial elementor-widget elementor-widget-text-editor\" data-id=\"613060b\" data-element_type=\"widget\" data-e-type=\"widget\" data-widget_type=\"text-editor.default\">\n\t\t\t\t<div class=\"elementor-widget-container\">\n\t\t\t\t\t\t\t\t\t<p>Nos \u00e9quipes comptent des\u00a0<strong>traducteurs\u00a0arabes\u00a0<\/strong>dipl\u00f4m\u00e9s et exp\u00e9riment\u00e9s, ayant non seulement une formation Bac +3 ou Bac +5 dans le domaine, mais \u00e9galement des connaissances li\u00e9es \u00e0 des domaines professionnels et techniques. Ainsi, nos traducteurs sont \u00e0 m\u00eame de traiter toutes sortes de documents : marketing, techniques, juridiques, m\u00e9dicaux, etc..<\/p><p>De nombreuses entreprises reconnues font confiance \u00e0 Interface pour l&rsquo;interpr\u00e9tation et la traduction arabe de ses documents\u00a0:<\/p><ul><li>Grosfillex<\/li><li>ST2N V\u00e9olia\u2026<\/li><li>Auditoire<\/li><li>Market Place<\/li><li>DMI Associates\u2026<\/li><\/ul><p>Quel que soit votre besoin en traduction arabe, Interface vous garantit un travail de haute qualit\u00e9, r\u00e9pondant \u00e0 vos exigences et d\u00e9lais. Le tout dans le respect du secret professionnel et de la neutralit\u00e9 de traduction.<\/p>\t\t\t\t\t\t\t\t<\/div>\n\t\t\t\t<\/div>\n\t\t\t\t\t<\/div>\n\t\t<\/div>\n\t\t\t\t\t<\/div>\n\t\t<\/section>\n\t\t\t\t<section class=\"elementor-section elementor-top-section elementor-element elementor-element-be9a556 elementor-section-full_width elementor-section-height-default elementor-section-height-default elementor-invisible\" data-id=\"be9a556\" data-element_type=\"section\" data-e-type=\"section\" data-settings=\"{&quot;animation&quot;:&quot;fadeIn&quot;}\">\n\t\t\t\t\t\t<div class=\"elementor-container elementor-column-gap-default\">\n\t\t\t\t\t<div class=\"elementor-column elementor-col-100 elementor-top-column elementor-element elementor-element-257d7ed\" data-id=\"257d7ed\" data-element_type=\"column\" data-e-type=\"column\">\n\t\t\t<div class=\"elementor-widget-wrap elementor-element-populated\">\n\t\t\t\t\t\t<div class=\"elementor-element elementor-element-6926a89 elementor-widget elementor-widget-heading\" data-id=\"6926a89\" data-element_type=\"widget\" data-e-type=\"widget\" data-widget_type=\"heading.default\">\n\t\t\t\t<div class=\"elementor-widget-container\">\n\t\t\t\t\t<h2 class=\"elementor-heading-title elementor-size-default\">INTERFACE, UNE AGENCE DE TRADUCTION ARABE-FRAN\u00c7AIS... MAIS PAS QUE !<\/h2>\t\t\t\t<\/div>\n\t\t\t\t<\/div>\n\t\t\t\t<div class=\"elementor-element elementor-element-5e17872 elementor-widget__width-initial elementor-widget elementor-widget-text-editor\" data-id=\"5e17872\" data-element_type=\"widget\" data-e-type=\"widget\" data-widget_type=\"text-editor.default\">\n\t\t\t\t<div class=\"elementor-widget-container\">\n\t\t\t\t\t\t\t\t\t<p>Nos \u00e9quipes se composent de\u00a0<strong>traducteurs arabes natifs<\/strong>, ainsi que d&rsquo;experts dans de multiples autres langues. Nous sommes ainsi en mesure de prendre en charge la traduction de vos documents en\u00a0<a href=\"https:\/\/www.interface-traduction.com\/fr\/traducteur-anglais\" target=\"_blank\" rel=\"noopener noreferrer\">anglais<\/a>,\u00a0<a href=\"https:\/\/www.interface-traduction.com\/fr\/interprete-espagnol-lyon-paris\" target=\"_blank\" rel=\"noopener noreferrer\">espagnol<\/a>,\u00a0<a href=\"https:\/\/www.interface-traduction.com\/fr\/traducteur-allemand\" target=\"_blank\" rel=\"noopener noreferrer\">allemand<\/a>,\u00a0<a href=\"https:\/\/www.interface-traduction.com\/fr\/interprete-portugais-paris\">portugais<\/a>,\u00a0<a href=\"https:\/\/www.interface-traduction.com\/fr\/traducteur-italien\/\" target=\"_blank\" rel=\"noopener noreferrer\">italien<\/a>, chinois,\u00a0<a href=\"https:\/\/www.interface-traduction.com\/fr\/traducteur-russe\">russe<\/a>, ou encore en\u00a0n\u00e9erlandais.<\/p><p>Les traducteurs professionnels avec lesquels nous travaillons ont l&rsquo;arabe comme langue maternelle, afin de vous assurer une familiarit\u00e9 compl\u00e8te avec les particularit\u00e9s linguistiques que l\u2019on peut trouver dans un texte publicitaire, par exemple. Par ailleurs, nos traducteurs ont souvent des comp\u00e9tences autres que leurs connaissances linguistiques ce qui leur permet de savoir traduire des termes plus techniques ou sp\u00e9cifiques.<\/p><p>Pour la traduction officielle en arabe de vos documents l\u00e9gaux, Interface collabore \u00e9galement avec des\u00a0<strong>traducteurs asserment\u00e9s<\/strong>.<\/p><p>Pour vous offrir les services d\u2019un traducteur professionnel arabe, faites appel \u00e0 notre\u00a0<a href=\"https:\/\/www.interface-traduction.com\/fr\/\" target=\"_blank\" rel=\"noopener noreferrer\">agence de traduction<\/a>\u00a0Interface !<\/p>\t\t\t\t\t\t\t\t<\/div>\n\t\t\t\t<\/div>\n\t\t\t\t\t<\/div>\n\t\t<\/div>\n\t\t\t\t\t<\/div>\n\t\t<\/section>\n\t\t\t\t<section class=\"elementor-section elementor-top-section elementor-element elementor-element-35a8192 elementor-section-full_width elementor-section-height-default elementor-section-height-default elementor-invisible\" data-id=\"35a8192\" data-element_type=\"section\" data-e-type=\"section\" data-settings=\"{&quot;animation&quot;:&quot;fadeIn&quot;}\">\n\t\t\t\t\t\t<div class=\"elementor-container elementor-column-gap-default\">\n\t\t\t\t\t<div class=\"elementor-column elementor-col-100 elementor-top-column elementor-element elementor-element-6fb9cfa\" data-id=\"6fb9cfa\" data-element_type=\"column\" data-e-type=\"column\">\n\t\t\t<div class=\"elementor-widget-wrap elementor-element-populated\">\n\t\t\t\t\t\t<div class=\"elementor-element elementor-element-0c9f2ca elementor-widget elementor-widget-heading\" data-id=\"0c9f2ca\" data-element_type=\"widget\" data-e-type=\"widget\" data-widget_type=\"heading.default\">\n\t\t\t\t<div class=\"elementor-widget-container\">\n\t\t\t\t\t<h2 class=\"elementor-heading-title elementor-size-default\">INTERFACE, UNE AGENCE DE TRADUCTION \u00c0 LYON ET PARIS<\/h2>\t\t\t\t<\/div>\n\t\t\t\t<\/div>\n\t\t\t\t<div class=\"elementor-element elementor-element-a47de38 elementor-widget__width-initial elementor-widget elementor-widget-text-editor\" data-id=\"a47de38\" data-element_type=\"widget\" data-e-type=\"widget\" data-widget_type=\"text-editor.default\">\n\t\t\t\t<div class=\"elementor-widget-container\">\n\t\t\t\t\t\t\t\t\t<p>Interface poss\u00e8de des locaux \u00e0\u00a0<strong>Paris\u00a0<\/strong>et \u00e0\u00a0<strong>Lyon<\/strong>. La proximit\u00e9 que nous maintenons avec nos clients favorise une r\u00e9activit\u00e9 et adaptabilit\u00e9 maximale \u00e0 l&rsquo;ensemble de vos demandes. Egalement, si les mesures sanitaires le permettent, nous pouvons nous rencontrer afin d\u2019\u00e9tudier ensemble vos besoins pour entreprendre une traduction ou une interpr\u00e9tation en arabe.<\/p><p>Contactez-nous directement sur notre site pour organiser cette rencontre !<\/p>\t\t\t\t\t\t\t\t<\/div>\n\t\t\t\t<\/div>\n\t\t\t\t\t<\/div>\n\t\t<\/div>\n\t\t\t\t\t<\/div>\n\t\t<\/section>\n\t\t\t\t<section class=\"elementor-section elementor-top-section elementor-element elementor-element-36a2a5ae elementor-section-full_width elementor-section-height-default elementor-section-height-default elementor-invisible\" data-id=\"36a2a5ae\" data-element_type=\"section\" data-e-type=\"section\" data-settings=\"{&quot;animation&quot;:&quot;fadeIn&quot;}\">\n\t\t\t\t\t\t<div class=\"elementor-container elementor-column-gap-no\">\n\t\t\t\t\t<div class=\"elementor-column elementor-col-100 elementor-top-column elementor-element elementor-element-51ba9d4b\" data-id=\"51ba9d4b\" data-element_type=\"column\" data-e-type=\"column\">\n\t\t\t<div class=\"elementor-widget-wrap elementor-element-populated\">\n\t\t\t\t\t\t<div class=\"elementor-element elementor-element-9b5283b elementor-widget elementor-widget-heading\" data-id=\"9b5283b\" data-element_type=\"widget\" data-e-type=\"widget\" data-widget_type=\"heading.default\">\n\t\t\t\t<div class=\"elementor-widget-container\">\n\t\t\t\t\t<h2 class=\"elementor-heading-title elementor-size-default\">NOUS SITUER<\/h2>\t\t\t\t<\/div>\n\t\t\t\t<\/div>\n\t\t\t\t<div class=\"elementor-element elementor-element-4144b1b7 elementor-widget elementor-widget-google_maps\" data-id=\"4144b1b7\" data-element_type=\"widget\" data-e-type=\"widget\" data-widget_type=\"google_maps.default\">\n\t\t\t\t<div class=\"elementor-widget-container\">\n\t\t\t\t\t\t\t<div class=\"elementor-custom-embed\">\n\t\t\t<iframe loading=\"lazy\"\n\t\t\t\t\tsrc=\"https:\/\/maps.google.com\/maps?q=10%20Rue%20de%20Cond%C3%A9%2C%2069002%20Lyon&#038;t=m&#038;z=14&#038;output=embed&#038;iwloc=near\"\n\t\t\t\t\ttitle=\"10 Rue de Cond\u00e9, 69002 Lyon\"\n\t\t\t\t\taria-label=\"10 Rue de Cond\u00e9, 69002 Lyon\"\n\t\t\t><\/iframe>\n\t\t<\/div>\n\t\t\t\t\t\t<\/div>\n\t\t\t\t<\/div>\n\t\t\t\t\t<\/div>\n\t\t<\/div>\n\t\t\t\t\t<\/div>\n\t\t<\/section>\n\t\t\t\t<\/div>\n\t\t","protected":false},"excerpt":{"rendered":"<p>Avec Interface, traduction professionnelle arabe \/ fran\u00e7ais pour : communication, textes techniques, juridiques, m\u00e9dicaux et notices&#8230; \u00a0 L\u2019arabe est la langue officielle de plus de 200 millions de personnes et est parl\u00e9 dans 26 pays diff\u00e9rents. Devant cette forte repr\u00e9sentation de l\u2019arabe au niveau mondial, Interface met \u00e0 votre disposition des interpr\u00e8tes et\u00a0traducteurs professionnels\u00a0arabes. Vous [&hellip;]<\/p>\n","protected":false},"author":1,"featured_media":0,"parent":0,"menu_order":0,"comment_status":"closed","ping_status":"closed","template":"elementor_header_footer","meta":{"footnotes":""},"class_list":["post-592","page","type-page","status-publish","hentry"],"yoast_head":"<!-- This site is optimized with the Yoast SEO plugin v27.5 - https:\/\/yoast.com\/product\/yoast-seo-wordpress\/ -->\n<title>Traducteur arabe \u00e0 Lyon et Paris - Interface<\/title>\n<meta name=\"description\" content=\"Avec Interface, traduction professionnelle arabe \/ fran\u00e7ais pour : communication, textes techniques, juridiques, m\u00e9dicaux et notices...\" \/>\n<meta name=\"robots\" content=\"index, follow, max-snippet:-1, max-image-preview:large, max-video-preview:-1\" \/>\n<link rel=\"canonical\" href=\"https:\/\/www.interface-traduction.com\/fr\/traducteur-professionnel-arabe-lyon-paris\/\" \/>\n<meta property=\"og:locale\" content=\"fr_FR\" \/>\n<meta property=\"og:type\" content=\"article\" \/>\n<meta property=\"og:title\" content=\"Traducteur arabe \u00e0 Lyon et Paris - Interface\" \/>\n<meta property=\"og:description\" content=\"Avec Interface, traduction professionnelle arabe \/ fran\u00e7ais pour : communication, textes techniques, juridiques, m\u00e9dicaux et notices...\" \/>\n<meta property=\"og:url\" content=\"https:\/\/www.interface-traduction.com\/fr\/traducteur-professionnel-arabe-lyon-paris\/\" \/>\n<meta property=\"og:site_name\" content=\"interface-traduction\" \/>\n<meta property=\"article:publisher\" content=\"https:\/\/www.facebook.com\/TraductionLyon\/?locale=fr_FR\" \/>\n<meta property=\"article:modified_time\" content=\"2026-01-06T17:51:38+00:00\" \/>\n<meta name=\"twitter:card\" content=\"summary_large_image\" \/>\n<meta name=\"twitter:label1\" content=\"Dur\u00e9e de lecture estim\u00e9e\" \/>\n\t<meta name=\"twitter:data1\" content=\"3 minutes\" \/>\n<script type=\"application\/ld+json\" class=\"yoast-schema-graph\">{\"@context\":\"https:\\\/\\\/schema.org\",\"@graph\":[{\"@type\":\"WebPage\",\"@id\":\"https:\\\/\\\/www.interface-traduction.com\\\/traducteur-professionnel-arabe-lyon-paris\\\/\",\"url\":\"https:\\\/\\\/www.interface-traduction.com\\\/traducteur-professionnel-arabe-lyon-paris\\\/\",\"name\":\"Traducteur arabe \u00e0 Lyon et Paris - Interface\",\"isPartOf\":{\"@id\":\"https:\\\/\\\/www.interface-traduction.com\\\/fr\\\/#website\"},\"datePublished\":\"2023-07-11T12:39:57+00:00\",\"dateModified\":\"2026-01-06T17:51:38+00:00\",\"description\":\"Avec Interface, traduction professionnelle arabe \\\/ fran\u00e7ais pour : communication, textes techniques, juridiques, m\u00e9dicaux et notices...\",\"breadcrumb\":{\"@id\":\"https:\\\/\\\/www.interface-traduction.com\\\/traducteur-professionnel-arabe-lyon-paris\\\/#breadcrumb\"},\"inLanguage\":\"fr-FR\",\"potentialAction\":[{\"@type\":\"ReadAction\",\"target\":[\"https:\\\/\\\/www.interface-traduction.com\\\/traducteur-professionnel-arabe-lyon-paris\\\/\"]}]},{\"@type\":\"BreadcrumbList\",\"@id\":\"https:\\\/\\\/www.interface-traduction.com\\\/traducteur-professionnel-arabe-lyon-paris\\\/#breadcrumb\",\"itemListElement\":[{\"@type\":\"ListItem\",\"position\":1,\"name\":\"Accueil\",\"item\":\"https:\\\/\\\/www.interface-traduction.com\\\/\"},{\"@type\":\"ListItem\",\"position\":2,\"name\":\"Traducteur Arabe\"}]},{\"@type\":\"WebSite\",\"@id\":\"https:\\\/\\\/www.interface-traduction.com\\\/fr\\\/#website\",\"url\":\"https:\\\/\\\/www.interface-traduction.com\\\/fr\\\/\",\"name\":\"interface-traduction\",\"description\":\"Agence de traduction professionnelle Lyon\",\"publisher\":{\"@id\":\"https:\\\/\\\/www.interface-traduction.com\\\/fr\\\/#organization\"},\"potentialAction\":[{\"@type\":\"SearchAction\",\"target\":{\"@type\":\"EntryPoint\",\"urlTemplate\":\"https:\\\/\\\/www.interface-traduction.com\\\/fr\\\/?s={search_term_string}\"},\"query-input\":{\"@type\":\"PropertyValueSpecification\",\"valueRequired\":true,\"valueName\":\"search_term_string\"}}],\"inLanguage\":\"fr-FR\"},{\"@type\":\"Organization\",\"@id\":\"https:\\\/\\\/www.interface-traduction.com\\\/fr\\\/#organization\",\"name\":\"Interface Traduction\",\"url\":\"https:\\\/\\\/www.interface-traduction.com\\\/fr\\\/\",\"logo\":{\"@type\":\"ImageObject\",\"inLanguage\":\"fr-FR\",\"@id\":\"https:\\\/\\\/www.interface-traduction.com\\\/fr\\\/#\\\/schema\\\/logo\\\/image\\\/\",\"url\":\"https:\\\/\\\/www.interface-traduction.com\\\/wp-content\\\/uploads\\\/2026\\\/01\\\/LOGO-vecto-1.png\",\"contentUrl\":\"https:\\\/\\\/www.interface-traduction.com\\\/wp-content\\\/uploads\\\/2026\\\/01\\\/LOGO-vecto-1.png\",\"width\":812,\"height\":358,\"caption\":\"Interface Traduction\"},\"image\":{\"@id\":\"https:\\\/\\\/www.interface-traduction.com\\\/fr\\\/#\\\/schema\\\/logo\\\/image\\\/\"},\"sameAs\":[\"https:\\\/\\\/www.facebook.com\\\/TraductionLyon\\\/?locale=fr_FR\"]}]}<\/script>\n<!-- \/ Yoast SEO plugin. -->","yoast_head_json":{"title":"Traducteur arabe \u00e0 Lyon et Paris - Interface","description":"Avec Interface, traduction professionnelle arabe \/ fran\u00e7ais pour : communication, textes techniques, juridiques, m\u00e9dicaux et notices...","robots":{"index":"index","follow":"follow","max-snippet":"max-snippet:-1","max-image-preview":"max-image-preview:large","max-video-preview":"max-video-preview:-1"},"canonical":"https:\/\/www.interface-traduction.com\/fr\/traducteur-professionnel-arabe-lyon-paris\/","og_locale":"fr_FR","og_type":"article","og_title":"Traducteur arabe \u00e0 Lyon et Paris - Interface","og_description":"Avec Interface, traduction professionnelle arabe \/ fran\u00e7ais pour : communication, textes techniques, juridiques, m\u00e9dicaux et notices...","og_url":"https:\/\/www.interface-traduction.com\/fr\/traducteur-professionnel-arabe-lyon-paris\/","og_site_name":"interface-traduction","article_publisher":"https:\/\/www.facebook.com\/TraductionLyon\/?locale=fr_FR","article_modified_time":"2026-01-06T17:51:38+00:00","twitter_card":"summary_large_image","twitter_misc":{"Dur\u00e9e de lecture estim\u00e9e":"3 minutes"},"schema":{"@context":"https:\/\/schema.org","@graph":[{"@type":"WebPage","@id":"https:\/\/www.interface-traduction.com\/traducteur-professionnel-arabe-lyon-paris\/","url":"https:\/\/www.interface-traduction.com\/traducteur-professionnel-arabe-lyon-paris\/","name":"Traducteur arabe \u00e0 Lyon et Paris - Interface","isPartOf":{"@id":"https:\/\/www.interface-traduction.com\/fr\/#website"},"datePublished":"2023-07-11T12:39:57+00:00","dateModified":"2026-01-06T17:51:38+00:00","description":"Avec Interface, traduction professionnelle arabe \/ fran\u00e7ais pour : communication, textes techniques, juridiques, m\u00e9dicaux et notices...","breadcrumb":{"@id":"https:\/\/www.interface-traduction.com\/traducteur-professionnel-arabe-lyon-paris\/#breadcrumb"},"inLanguage":"fr-FR","potentialAction":[{"@type":"ReadAction","target":["https:\/\/www.interface-traduction.com\/traducteur-professionnel-arabe-lyon-paris\/"]}]},{"@type":"BreadcrumbList","@id":"https:\/\/www.interface-traduction.com\/traducteur-professionnel-arabe-lyon-paris\/#breadcrumb","itemListElement":[{"@type":"ListItem","position":1,"name":"Accueil","item":"https:\/\/www.interface-traduction.com\/"},{"@type":"ListItem","position":2,"name":"Traducteur Arabe"}]},{"@type":"WebSite","@id":"https:\/\/www.interface-traduction.com\/fr\/#website","url":"https:\/\/www.interface-traduction.com\/fr\/","name":"interface-traduction","description":"Agence de traduction professionnelle Lyon","publisher":{"@id":"https:\/\/www.interface-traduction.com\/fr\/#organization"},"potentialAction":[{"@type":"SearchAction","target":{"@type":"EntryPoint","urlTemplate":"https:\/\/www.interface-traduction.com\/fr\/?s={search_term_string}"},"query-input":{"@type":"PropertyValueSpecification","valueRequired":true,"valueName":"search_term_string"}}],"inLanguage":"fr-FR"},{"@type":"Organization","@id":"https:\/\/www.interface-traduction.com\/fr\/#organization","name":"Interface Traduction","url":"https:\/\/www.interface-traduction.com\/fr\/","logo":{"@type":"ImageObject","inLanguage":"fr-FR","@id":"https:\/\/www.interface-traduction.com\/fr\/#\/schema\/logo\/image\/","url":"https:\/\/www.interface-traduction.com\/wp-content\/uploads\/2026\/01\/LOGO-vecto-1.png","contentUrl":"https:\/\/www.interface-traduction.com\/wp-content\/uploads\/2026\/01\/LOGO-vecto-1.png","width":812,"height":358,"caption":"Interface Traduction"},"image":{"@id":"https:\/\/www.interface-traduction.com\/fr\/#\/schema\/logo\/image\/"},"sameAs":["https:\/\/www.facebook.com\/TraductionLyon\/?locale=fr_FR"]}]}},"_links":{"self":[{"href":"https:\/\/www.interface-traduction.com\/fr\/wp-json\/wp\/v2\/pages\/592","targetHints":{"allow":["GET"]}}],"collection":[{"href":"https:\/\/www.interface-traduction.com\/fr\/wp-json\/wp\/v2\/pages"}],"about":[{"href":"https:\/\/www.interface-traduction.com\/fr\/wp-json\/wp\/v2\/types\/page"}],"author":[{"embeddable":true,"href":"https:\/\/www.interface-traduction.com\/fr\/wp-json\/wp\/v2\/users\/1"}],"replies":[{"embeddable":true,"href":"https:\/\/www.interface-traduction.com\/fr\/wp-json\/wp\/v2\/comments?post=592"}],"version-history":[{"count":39,"href":"https:\/\/www.interface-traduction.com\/fr\/wp-json\/wp\/v2\/pages\/592\/revisions"}],"predecessor-version":[{"id":7149,"href":"https:\/\/www.interface-traduction.com\/fr\/wp-json\/wp\/v2\/pages\/592\/revisions\/7149"}],"wp:attachment":[{"href":"https:\/\/www.interface-traduction.com\/fr\/wp-json\/wp\/v2\/media?parent=592"}],"curies":[{"name":"wp","href":"https:\/\/api.w.org\/{rel}","templated":true}]}}