{"id":603,"date":"2023-07-11T14:45:11","date_gmt":"2023-07-11T12:45:11","guid":{"rendered":"https:\/\/www.interface-traduction.com\/?page_id=603"},"modified":"2026-01-06T18:09:24","modified_gmt":"2026-01-06T17:09:24","slug":"interpretation-de-liaison","status":"publish","type":"page","link":"https:\/\/www.interface-traduction.com\/fr\/interpretation-de-liaison\/","title":{"rendered":"Interpr\u00e9tation de liaison"},"content":{"rendered":"\t\t<div data-elementor-type=\"wp-page\" data-elementor-id=\"603\" class=\"elementor elementor-603\" data-elementor-post-type=\"page\">\n\t\t\t\t\t\t<section class=\"elementor-section elementor-top-section elementor-element elementor-element-945b6f0 elementor-section-full_width elementor-section-height-default elementor-section-height-default elementor-invisible\" data-id=\"945b6f0\" data-element_type=\"section\" data-e-type=\"section\" data-settings=\"{&quot;animation&quot;:&quot;fadeIn&quot;}\">\n\t\t\t\t\t\t<div class=\"elementor-container elementor-column-gap-default\">\n\t\t\t\t\t<div class=\"elementor-column elementor-col-100 elementor-top-column elementor-element elementor-element-b15bb9c\" data-id=\"b15bb9c\" data-element_type=\"column\" data-e-type=\"column\">\n\t\t\t<div class=\"elementor-widget-wrap elementor-element-populated\">\n\t\t\t\t\t\t<div class=\"elementor-element elementor-element-bd92835 elementor-widget elementor-widget-heading\" data-id=\"bd92835\" data-element_type=\"widget\" data-e-type=\"widget\" data-widget_type=\"heading.default\">\n\t\t\t\t<div class=\"elementor-widget-container\">\n\t\t\t\t\t<h1 class=\"elementor-heading-title elementor-size-default\">INTERPR\u00c9TATION DE LIAISON <\/h1>\t\t\t\t<\/div>\n\t\t\t\t<\/div>\n\t\t\t\t<div class=\"elementor-element elementor-element-29330ab elementor-widget elementor-widget-text-editor\" data-id=\"29330ab\" data-element_type=\"widget\" data-e-type=\"widget\" data-widget_type=\"text-editor.default\">\n\t\t\t\t<div class=\"elementor-widget-container\">\n\t\t\t\t\t\t\t\t\t<p class=\"text-align-center\">Visites de sites ou n\u00e9gociations commerciales, l\u2019aide d\u2019un interpr\u00e8te de liaison peut s\u2019av\u00e9rer pr\u00e9cieuse pour \u00e9viter le risque d\u2019une incompr\u00e9hension ou d&rsquo;un malentendu. L\u2019interpr\u00e9tation de liaison est g\u00e9n\u00e9ralement utilis\u00e9e pour les rendez-vous commerciaux, les visites de sites, les r\u00e9unions informelles.<\/p>\n<p class=\"text-align-center\">Vous recevez un partenaire commercial ou une d\u00e9l\u00e9gation \u00e9trang\u00e8re et vous ne parlez pas la langue ? Faites-vous accompagner par notre&nbsp;<a href=\"https:\/\/www.interface-traduction.com\/fr\/\" target=\"_blank\">agence de traduction<\/a>&nbsp;&nbsp;pour vous aider \u00e0 accueillir vos visiteurs dans les meilleures conditions.<\/p>\t\t\t\t\t\t\t\t<\/div>\n\t\t\t\t<\/div>\n\t\t\t\t\t<\/div>\n\t\t<\/div>\n\t\t\t\t\t<\/div>\n\t\t<\/section>\n\t\t\t\t<section class=\"elementor-section elementor-top-section elementor-element elementor-element-cdbd349 elementor-section-full_width elementor-section-height-default elementor-section-height-default elementor-invisible\" data-id=\"cdbd349\" data-element_type=\"section\" data-e-type=\"section\" data-settings=\"{&quot;animation&quot;:&quot;fadeIn&quot;}\">\n\t\t\t\t\t\t<div class=\"elementor-container elementor-column-gap-default\">\n\t\t\t\t\t<div class=\"elementor-column elementor-col-100 elementor-top-column elementor-element elementor-element-670dc58\" data-id=\"670dc58\" data-element_type=\"column\" data-e-type=\"column\">\n\t\t\t<div class=\"elementor-widget-wrap elementor-element-populated\">\n\t\t\t\t\t\t<div class=\"elementor-element elementor-element-b7cd2a0 elementor-widget elementor-widget-heading\" data-id=\"b7cd2a0\" data-element_type=\"widget\" data-e-type=\"widget\" data-widget_type=\"heading.default\">\n\t\t\t\t<div class=\"elementor-widget-container\">\n\t\t\t\t\t<h2 class=\"elementor-heading-title elementor-size-default\">QU'EST CE QU'UN INTERPR\u00c8TE DE LIAISON ?<\/h2>\t\t\t\t<\/div>\n\t\t\t\t<\/div>\n\t\t\t\t<div class=\"elementor-element elementor-element-7f61eeb elementor-widget elementor-widget-text-editor\" data-id=\"7f61eeb\" data-element_type=\"widget\" data-e-type=\"widget\" data-widget_type=\"text-editor.default\">\n\t\t\t\t<div class=\"elementor-widget-container\">\n\t\t\t\t\t\t\t\t\t<p class=\"text-align-center\">Un interpr\u00e8te de liaison qualifi\u00e9 a pour but de faciliter les \u00e9changes verbaux entre deux personnes de langues diff\u00e9rentes lors de r\u00e9unions, de n\u00e9gociations ou de visites. Cet expert vous accompagne pour traduire au fur et \u00e0 mesure, en phrase \u00e0 phrase les \u00e9changes entre les participants.<\/p>\n<p class=\"text-align-center\">L\u2019interpr\u00e8te de liaison facilite les \u00e9changes et permet de garantir la bonne compr\u00e9hension des messages. En faisant appel au service d\u2019un interpr\u00e8te de liaison professionnel pour vos r\u00e9unions vous \u00e9viterez les risques de quiproquos et d\u2019erreur de compr\u00e9hension. De plus, vos propos seront fid\u00e8lement retranscrits pour que la r\u00e9union ou la visite de votre partenaire puisse se d\u00e9rouler au mieux. Cette traduction de liaison permet de surmonter les diff\u00e9rences linguistiques, sans vous faire perdre de temps et en toute confidentialit\u00e9.<\/p>\n<p class=\"text-align-center\">Un interpr\u00e8te de liaison en r\u00e9gion Rh\u00f4ne-Alpes peut \u00e9galement vous accompagner lors d&rsquo;\u00e9v\u00e9nements internationaux, un s\u00e9minaire ou lors de salons professionnels. Il intervient selon vos besoins pour vous aider \u00e0 pr\u00e9senter votre entreprise, vos produits ou vos services ou pour traduire en direct une pr\u00e9sentation dans une langue \u00e9trang\u00e8re \u00e0 un petit nombre d\u2019interlocuteurs. Ainsi, il effacera la barri\u00e8re de la langue sans d\u00e9former vos propos.<\/p>\n<p class=\"text-align-center\">\n<\/p><p class=\"text-align-center\">Visites de sites ou n\u00e9gociations commerciales, l\u2019aide d\u2019un interpr\u00e8te peut s\u2019av\u00e9rer pr\u00e9cieuse pour \u00e9viter le risque d\u2019une incompr\u00e9hension ou d&rsquo;un malentendu.&nbsp;L\u2019interpr\u00e9tation de liaison&nbsp;est g\u00e9n\u00e9ralement utilis\u00e9e pour les rendez-vous commerciaux, les visites de d\u00e9l\u00e9gations \u00e9trang\u00e8res.<\/p>\n<p class=\"text-align-center\">Comme son nom l\u2019indique, l&rsquo;interpr\u00e9tation de liaison&nbsp;sert de lien entre les participants pour garantir la compr\u00e9hension de chacun des participants. Elle est recommand\u00e9e pour de&nbsp;petits groupes de 2 \u00e0 5 personnes maximum.<\/p>\n<p class=\"text-align-center\">Cet interpr\u00e8te&nbsp;restitue votre&nbsp;message sans prendre de notes. Contrairement \u00e0 l&rsquo;interpr\u00e9tation cons\u00e9cutive, elle est spontan\u00e9e et informelle.&nbsp;Interface vous garantit la confidentialit\u00e9 des propos tenus lors de la r\u00e9union et si&nbsp;vous le souhaitez, signe&nbsp;et fait&nbsp;signer \u00e0 ses interpr\u00e8tes vos&nbsp;accords de confidentialit\u00e9.<\/p>\t\t\t\t\t\t\t\t<\/div>\n\t\t\t\t<\/div>\n\t\t\t\t<div class=\"elementor-element elementor-element-4d5f0d0 elementor-align-center buttonSectionGold elementor-widget elementor-widget-button\" data-id=\"4d5f0d0\" data-element_type=\"widget\" data-e-type=\"widget\" data-widget_type=\"button.default\">\n\t\t\t\t<div class=\"elementor-widget-container\">\n\t\t\t\t\t\t\t\t\t<div class=\"elementor-button-wrapper\">\n\t\t\t\t\t<a class=\"elementor-button elementor-button-link elementor-size-sm\" href=\"https:\/\/www.interface-traduction.com\/fr\/contact\/\">\n\t\t\t\t\t\t<span class=\"elementor-button-content-wrapper\">\n\t\t\t\t\t\t\t\t\t<span class=\"elementor-button-text\">Demandez votre devis<\/span>\n\t\t\t\t\t<\/span>\n\t\t\t\t\t<\/a>\n\t\t\t\t<\/div>\n\t\t\t\t\t\t\t\t<\/div>\n\t\t\t\t<\/div>\n\t\t\t\t\t<\/div>\n\t\t<\/div>\n\t\t\t\t\t<\/div>\n\t\t<\/section>\n\t\t\t\t<section class=\"elementor-section elementor-top-section elementor-element elementor-element-67b32dd2 elementor-section-height-min-height elementor-section-full_width elementor-section-height-default elementor-section-items-middle elementor-invisible\" data-id=\"67b32dd2\" data-element_type=\"section\" data-e-type=\"section\" data-settings=\"{&quot;background_background&quot;:&quot;classic&quot;,&quot;animation&quot;:&quot;fadeIn&quot;}\">\n\t\t\t\t\t\t<div class=\"elementor-container elementor-column-gap-default\">\n\t\t\t\t\t<div class=\"elementor-column elementor-col-100 elementor-top-column elementor-element elementor-element-4132394d\" data-id=\"4132394d\" data-element_type=\"column\" data-e-type=\"column\">\n\t\t\t<div class=\"elementor-widget-wrap elementor-element-populated\">\n\t\t\t\t\t\t<section class=\"elementor-section elementor-inner-section elementor-element elementor-element-3fd0fdec elementor-section-full_width elementor-section-height-default elementor-section-height-default\" data-id=\"3fd0fdec\" data-element_type=\"section\" data-e-type=\"section\" data-settings=\"{&quot;background_background&quot;:&quot;classic&quot;}\">\n\t\t\t\t\t\t<div class=\"elementor-container elementor-column-gap-default\">\n\t\t\t\t\t<div class=\"elementor-column elementor-col-100 elementor-inner-column elementor-element elementor-element-11a6f663\" data-id=\"11a6f663\" data-element_type=\"column\" data-e-type=\"column\">\n\t\t\t<div class=\"elementor-widget-wrap elementor-element-populated\">\n\t\t\t\t\t\t<div class=\"elementor-element elementor-element-4fd9692d elementor-widget elementor-widget-heading\" data-id=\"4fd9692d\" data-element_type=\"widget\" data-e-type=\"widget\" data-widget_type=\"heading.default\">\n\t\t\t\t<div class=\"elementor-widget-container\">\n\t\t\t\t\t<h2 class=\"elementor-heading-title elementor-size-default\">DES INTERPRETES COMP\u00c9TENTS<\/h2>\t\t\t\t<\/div>\n\t\t\t\t<\/div>\n\t\t\t\t<div class=\"elementor-element elementor-element-6796ee3d elementor-widget elementor-widget-text-editor\" data-id=\"6796ee3d\" data-element_type=\"widget\" data-e-type=\"widget\" data-widget_type=\"text-editor.default\">\n\t\t\t\t<div class=\"elementor-widget-container\">\n\t\t\t\t\t\t\t\t\t<p>Comme pour l&rsquo;interpr\u00e9tation cons\u00e9cutive et l&rsquo;interpr\u00e9tation simultan\u00e9e, Interface s\u00e9lectionne\u00a0l\u2019interpr\u00e8te le plus comp\u00e9tent dans votre domaine pour la transmission d\u2019un message percutant m\u00eame dans un cadre informel.\u00a0Nous mettons \u00e0 votre disposition des\u00a0interpr\u00e8tes de liaison\u00a0dans toutes les langues : anglais, allemand, espagnol, italien, chinois, russe, japonais, arabe\u2026 et tous les domaines : scientifique, technique, m\u00e9dical, bancaire, marketing, communication\u2026<\/p><p>Avec Interface, vous avez l&rsquo;assurance d\u2019avoir un\u00a0interpr\u00e8te\u00a0qui vous permettra d\u2019\u00e9changer simplement avec votre interlocuteur, sans mat\u00e9riel.<\/p><p>Si vous avez des interrogations sur les diff\u00e9rents types d\u2019interpr\u00e9tation, n\u2019h\u00e9sitez pas \u00e0 nous contacter au\u00a004 78 37 84 84\u00a0ou par mail \u00e0\u00a0<a href=\"mailto:info@interfaceconseil.com\">info@interfaceconseil.com<\/a>, nous nous ferons un plaisir de vous r\u00e9pondre et choisir avec vous le mode d\u2019interpr\u00e9tation le plus ad\u00e9quat pour\u00a0votre \u00e9v\u00e9nement.<\/p>\t\t\t\t\t\t\t\t<\/div>\n\t\t\t\t<\/div>\n\t\t\t\t\t<\/div>\n\t\t<\/div>\n\t\t\t\t\t<\/div>\n\t\t<\/section>\n\t\t\t\t\t<\/div>\n\t\t<\/div>\n\t\t\t\t\t<\/div>\n\t\t<\/section>\n\t\t\t\t<section class=\"elementor-section elementor-top-section elementor-element elementor-element-8d5a1c4 elementor-section-full_width elementor-section-height-default elementor-section-height-default elementor-invisible\" data-id=\"8d5a1c4\" data-element_type=\"section\" data-e-type=\"section\" data-settings=\"{&quot;animation&quot;:&quot;fadeIn&quot;}\">\n\t\t\t\t\t\t<div class=\"elementor-container elementor-column-gap-default\">\n\t\t\t\t\t<div class=\"elementor-column elementor-col-100 elementor-top-column elementor-element elementor-element-15712f0\" data-id=\"15712f0\" data-element_type=\"column\" data-e-type=\"column\">\n\t\t\t<div class=\"elementor-widget-wrap elementor-element-populated\">\n\t\t\t\t\t\t<div class=\"elementor-element elementor-element-5967c52 elementor-widget elementor-widget-heading\" data-id=\"5967c52\" data-element_type=\"widget\" data-e-type=\"widget\" data-widget_type=\"heading.default\">\n\t\t\t\t<div class=\"elementor-widget-container\">\n\t\t\t\t\t<h2 class=\"elementor-heading-title elementor-size-default\">UN CHIFFRAGE RAPIDE ET DETAILLE\n<\/h2>\t\t\t\t<\/div>\n\t\t\t\t<\/div>\n\t\t\t\t<div class=\"elementor-element elementor-element-83bc6e4 elementor-widget elementor-widget-text-editor\" data-id=\"83bc6e4\" data-element_type=\"widget\" data-e-type=\"widget\" data-widget_type=\"text-editor.default\">\n\t\t\t\t<div class=\"elementor-widget-container\">\n\t\t\t\t\t\t\t\t\tNous vous adresserons un devis dans les meilleurs d\u00e9lais et vous chiffrerons l\u2019ensemble des frais \u00e9ventuels li\u00e9s \u00e0 la prestation.\n\nNous pouvons \u00e9galement assurer un service de traduction \u00e9crite pour vos documents commerciaux, pr\u00e9sentations PowerPoint, communiqu\u00e9s de presse, sites internet ou tout autre type de document.\u00a0Nous\u00a0pouvons \u00e9galement transcrire\u00a0l&rsquo;\u00e9crit\u00a0l\u2019int\u00e9gralit\u00e9 de vos r\u00e9unions d\u2019apr\u00e8s un enregistrement ou avec une prise de note sur place.\n\nD\u00e9couvrez nos autres services d&rsquo;interpr\u00e9tariat :\u00a0<a href=\"https:\/\/www.interface-traduction.com\/fr\/interpretation-simultanee\">Interpr\u00e9tation simultan\u00e9e<\/a>\u00a0&#8211;\u00a0\u00a0<a href=\"https:\/\/www.interface-traduction.com\/fr\/interpretation-consecutive\/\">Interpr\u00e9tation cons\u00e9cutive<\/a>\u00a0&#8211;\u00a0<a href=\"https:\/\/www.interface-traduction.com\/fr\/interpretation-distance\">Interpr\u00e9tation \u00e0 distance<\/a>\t\t\t\t\t\t\t\t<\/div>\n\t\t\t\t<\/div>\n\t\t\t\t\t<\/div>\n\t\t<\/div>\n\t\t\t\t\t<\/div>\n\t\t<\/section>\n\t\t\t\t<section class=\"elementor-section elementor-top-section elementor-element elementor-element-64a8152f elementor-section-full_width elementor-section-height-default elementor-section-height-default elementor-invisible\" data-id=\"64a8152f\" data-element_type=\"section\" data-e-type=\"section\" data-settings=\"{&quot;animation&quot;:&quot;fadeIn&quot;}\">\n\t\t\t\t\t\t<div class=\"elementor-container elementor-column-gap-no\">\n\t\t\t\t\t<div class=\"elementor-column elementor-col-100 elementor-top-column elementor-element elementor-element-287acc48\" data-id=\"287acc48\" data-element_type=\"column\" data-e-type=\"column\">\n\t\t\t<div class=\"elementor-widget-wrap elementor-element-populated\">\n\t\t\t\t\t\t<div class=\"elementor-element elementor-element-3580998f elementor-widget elementor-widget-heading\" data-id=\"3580998f\" data-element_type=\"widget\" data-e-type=\"widget\" data-widget_type=\"heading.default\">\n\t\t\t\t<div class=\"elementor-widget-container\">\n\t\t\t\t\t<h2 class=\"elementor-heading-title elementor-size-default\">NOUS SITUER<\/h2>\t\t\t\t<\/div>\n\t\t\t\t<\/div>\n\t\t\t\t<div class=\"elementor-element elementor-element-5e301e7b elementor-widget elementor-widget-google_maps\" data-id=\"5e301e7b\" data-element_type=\"widget\" data-e-type=\"widget\" data-widget_type=\"google_maps.default\">\n\t\t\t\t<div class=\"elementor-widget-container\">\n\t\t\t\t\t\t\t<div class=\"elementor-custom-embed\">\n\t\t\t<iframe loading=\"lazy\"\n\t\t\t\t\tsrc=\"https:\/\/maps.google.com\/maps?q=10%20Rue%20de%20Cond%C3%A9%2C%2069002%20Lyon&#038;t=m&#038;z=14&#038;output=embed&#038;iwloc=near\"\n\t\t\t\t\ttitle=\"10 Rue de Cond\u00e9, 69002 Lyon\"\n\t\t\t\t\taria-label=\"10 Rue de Cond\u00e9, 69002 Lyon\"\n\t\t\t><\/iframe>\n\t\t<\/div>\n\t\t\t\t\t\t<\/div>\n\t\t\t\t<\/div>\n\t\t\t\t\t<\/div>\n\t\t<\/div>\n\t\t\t\t\t<\/div>\n\t\t<\/section>\n\t\t\t\t<\/div>\n\t\t","protected":false},"excerpt":{"rendered":"<p>INTERPR\u00c9TATION DE LIAISON Visites de sites ou n\u00e9gociations commerciales, l\u2019aide d\u2019un interpr\u00e8te de liaison peut s\u2019av\u00e9rer pr\u00e9cieuse pour \u00e9viter le risque d\u2019une incompr\u00e9hension ou d&rsquo;un malentendu. L\u2019interpr\u00e9tation de liaison est g\u00e9n\u00e9ralement utilis\u00e9e pour les rendez-vous commerciaux, les visites de sites, les r\u00e9unions informelles. Vous recevez un partenaire commercial ou une d\u00e9l\u00e9gation \u00e9trang\u00e8re et vous ne [&hellip;]<\/p>\n","protected":false},"author":1,"featured_media":0,"parent":0,"menu_order":0,"comment_status":"closed","ping_status":"closed","template":"elementor_header_footer","meta":{"footnotes":""},"class_list":["post-603","page","type-page","status-publish","hentry"],"yoast_head":"<!-- This site is optimized with the Yoast SEO plugin v27.5 - https:\/\/yoast.com\/product\/yoast-seo-wordpress\/ -->\n<title>Interpr\u00e9tation de liaison - Interface Traduction<\/title>\n<meta name=\"description\" content=\"Pour vos besoins d&#039;interpr\u00e9tation de liaison, faites appel \u00e0 Interface, votre agence d&#039;interpr\u00e9tariat sur Lyon et Paris.\" \/>\n<meta name=\"robots\" content=\"index, follow, max-snippet:-1, max-image-preview:large, max-video-preview:-1\" \/>\n<link rel=\"canonical\" href=\"https:\/\/www.interface-traduction.com\/fr\/interpretation-de-liaison\/\" \/>\n<meta property=\"og:locale\" content=\"fr_FR\" \/>\n<meta property=\"og:type\" content=\"article\" \/>\n<meta property=\"og:title\" content=\"Interpr\u00e9tation de liaison - Interface Traduction\" \/>\n<meta property=\"og:description\" content=\"Pour vos besoins d&#039;interpr\u00e9tation de liaison, faites appel \u00e0 Interface, votre agence d&#039;interpr\u00e9tariat sur Lyon et Paris.\" \/>\n<meta property=\"og:url\" content=\"https:\/\/www.interface-traduction.com\/fr\/interpretation-de-liaison\/\" \/>\n<meta property=\"og:site_name\" content=\"interface-traduction\" \/>\n<meta property=\"article:publisher\" content=\"https:\/\/www.facebook.com\/TraductionLyon\/?locale=fr_FR\" \/>\n<meta property=\"article:modified_time\" content=\"2026-01-06T17:09:24+00:00\" \/>\n<meta name=\"twitter:card\" content=\"summary_large_image\" \/>\n<meta name=\"twitter:label1\" content=\"Dur\u00e9e de lecture estim\u00e9e\" \/>\n\t<meta name=\"twitter:data1\" content=\"4 minutes\" \/>\n<script type=\"application\/ld+json\" class=\"yoast-schema-graph\">{\"@context\":\"https:\\\/\\\/schema.org\",\"@graph\":[{\"@type\":\"WebPage\",\"@id\":\"https:\\\/\\\/www.interface-traduction.com\\\/fr\\\/interpretation-de-liaison\\\/\",\"url\":\"https:\\\/\\\/www.interface-traduction.com\\\/fr\\\/interpretation-de-liaison\\\/\",\"name\":\"Interpr\u00e9tation de liaison - Interface Traduction\",\"isPartOf\":{\"@id\":\"https:\\\/\\\/www.interface-traduction.com\\\/fr\\\/#website\"},\"datePublished\":\"2023-07-11T12:45:11+00:00\",\"dateModified\":\"2026-01-06T17:09:24+00:00\",\"description\":\"Pour vos besoins d'interpr\u00e9tation de liaison, faites appel \u00e0 Interface, votre agence d'interpr\u00e9tariat sur Lyon et Paris.\",\"breadcrumb\":{\"@id\":\"https:\\\/\\\/www.interface-traduction.com\\\/fr\\\/interpretation-de-liaison\\\/#breadcrumb\"},\"inLanguage\":\"fr-FR\",\"potentialAction\":[{\"@type\":\"ReadAction\",\"target\":[\"https:\\\/\\\/www.interface-traduction.com\\\/fr\\\/interpretation-de-liaison\\\/\"]}]},{\"@type\":\"BreadcrumbList\",\"@id\":\"https:\\\/\\\/www.interface-traduction.com\\\/fr\\\/interpretation-de-liaison\\\/#breadcrumb\",\"itemListElement\":[{\"@type\":\"ListItem\",\"position\":1,\"name\":\"Accueil\",\"item\":\"https:\\\/\\\/www.interface-traduction.com\\\/\"},{\"@type\":\"ListItem\",\"position\":2,\"name\":\"Interpr\u00e9tation de liaison\"}]},{\"@type\":\"WebSite\",\"@id\":\"https:\\\/\\\/www.interface-traduction.com\\\/fr\\\/#website\",\"url\":\"https:\\\/\\\/www.interface-traduction.com\\\/fr\\\/\",\"name\":\"interface-traduction\",\"description\":\"Agence de traduction professionnelle Lyon\",\"publisher\":{\"@id\":\"https:\\\/\\\/www.interface-traduction.com\\\/fr\\\/#organization\"},\"potentialAction\":[{\"@type\":\"SearchAction\",\"target\":{\"@type\":\"EntryPoint\",\"urlTemplate\":\"https:\\\/\\\/www.interface-traduction.com\\\/fr\\\/?s={search_term_string}\"},\"query-input\":{\"@type\":\"PropertyValueSpecification\",\"valueRequired\":true,\"valueName\":\"search_term_string\"}}],\"inLanguage\":\"fr-FR\"},{\"@type\":\"Organization\",\"@id\":\"https:\\\/\\\/www.interface-traduction.com\\\/fr\\\/#organization\",\"name\":\"Interface Traduction\",\"url\":\"https:\\\/\\\/www.interface-traduction.com\\\/fr\\\/\",\"logo\":{\"@type\":\"ImageObject\",\"inLanguage\":\"fr-FR\",\"@id\":\"https:\\\/\\\/www.interface-traduction.com\\\/fr\\\/#\\\/schema\\\/logo\\\/image\\\/\",\"url\":\"https:\\\/\\\/www.interface-traduction.com\\\/wp-content\\\/uploads\\\/2026\\\/01\\\/LOGO-vecto-1.png\",\"contentUrl\":\"https:\\\/\\\/www.interface-traduction.com\\\/wp-content\\\/uploads\\\/2026\\\/01\\\/LOGO-vecto-1.png\",\"width\":812,\"height\":358,\"caption\":\"Interface Traduction\"},\"image\":{\"@id\":\"https:\\\/\\\/www.interface-traduction.com\\\/fr\\\/#\\\/schema\\\/logo\\\/image\\\/\"},\"sameAs\":[\"https:\\\/\\\/www.facebook.com\\\/TraductionLyon\\\/?locale=fr_FR\"]}]}<\/script>\n<!-- \/ Yoast SEO plugin. -->","yoast_head_json":{"title":"Interpr\u00e9tation de liaison - Interface Traduction","description":"Pour vos besoins d'interpr\u00e9tation de liaison, faites appel \u00e0 Interface, votre agence d'interpr\u00e9tariat sur Lyon et Paris.","robots":{"index":"index","follow":"follow","max-snippet":"max-snippet:-1","max-image-preview":"max-image-preview:large","max-video-preview":"max-video-preview:-1"},"canonical":"https:\/\/www.interface-traduction.com\/fr\/interpretation-de-liaison\/","og_locale":"fr_FR","og_type":"article","og_title":"Interpr\u00e9tation de liaison - Interface Traduction","og_description":"Pour vos besoins d'interpr\u00e9tation de liaison, faites appel \u00e0 Interface, votre agence d'interpr\u00e9tariat sur Lyon et Paris.","og_url":"https:\/\/www.interface-traduction.com\/fr\/interpretation-de-liaison\/","og_site_name":"interface-traduction","article_publisher":"https:\/\/www.facebook.com\/TraductionLyon\/?locale=fr_FR","article_modified_time":"2026-01-06T17:09:24+00:00","twitter_card":"summary_large_image","twitter_misc":{"Dur\u00e9e de lecture estim\u00e9e":"4 minutes"},"schema":{"@context":"https:\/\/schema.org","@graph":[{"@type":"WebPage","@id":"https:\/\/www.interface-traduction.com\/fr\/interpretation-de-liaison\/","url":"https:\/\/www.interface-traduction.com\/fr\/interpretation-de-liaison\/","name":"Interpr\u00e9tation de liaison - Interface Traduction","isPartOf":{"@id":"https:\/\/www.interface-traduction.com\/fr\/#website"},"datePublished":"2023-07-11T12:45:11+00:00","dateModified":"2026-01-06T17:09:24+00:00","description":"Pour vos besoins d'interpr\u00e9tation de liaison, faites appel \u00e0 Interface, votre agence d'interpr\u00e9tariat sur Lyon et Paris.","breadcrumb":{"@id":"https:\/\/www.interface-traduction.com\/fr\/interpretation-de-liaison\/#breadcrumb"},"inLanguage":"fr-FR","potentialAction":[{"@type":"ReadAction","target":["https:\/\/www.interface-traduction.com\/fr\/interpretation-de-liaison\/"]}]},{"@type":"BreadcrumbList","@id":"https:\/\/www.interface-traduction.com\/fr\/interpretation-de-liaison\/#breadcrumb","itemListElement":[{"@type":"ListItem","position":1,"name":"Accueil","item":"https:\/\/www.interface-traduction.com\/"},{"@type":"ListItem","position":2,"name":"Interpr\u00e9tation de liaison"}]},{"@type":"WebSite","@id":"https:\/\/www.interface-traduction.com\/fr\/#website","url":"https:\/\/www.interface-traduction.com\/fr\/","name":"interface-traduction","description":"Agence de traduction professionnelle Lyon","publisher":{"@id":"https:\/\/www.interface-traduction.com\/fr\/#organization"},"potentialAction":[{"@type":"SearchAction","target":{"@type":"EntryPoint","urlTemplate":"https:\/\/www.interface-traduction.com\/fr\/?s={search_term_string}"},"query-input":{"@type":"PropertyValueSpecification","valueRequired":true,"valueName":"search_term_string"}}],"inLanguage":"fr-FR"},{"@type":"Organization","@id":"https:\/\/www.interface-traduction.com\/fr\/#organization","name":"Interface Traduction","url":"https:\/\/www.interface-traduction.com\/fr\/","logo":{"@type":"ImageObject","inLanguage":"fr-FR","@id":"https:\/\/www.interface-traduction.com\/fr\/#\/schema\/logo\/image\/","url":"https:\/\/www.interface-traduction.com\/wp-content\/uploads\/2026\/01\/LOGO-vecto-1.png","contentUrl":"https:\/\/www.interface-traduction.com\/wp-content\/uploads\/2026\/01\/LOGO-vecto-1.png","width":812,"height":358,"caption":"Interface Traduction"},"image":{"@id":"https:\/\/www.interface-traduction.com\/fr\/#\/schema\/logo\/image\/"},"sameAs":["https:\/\/www.facebook.com\/TraductionLyon\/?locale=fr_FR"]}]}},"_links":{"self":[{"href":"https:\/\/www.interface-traduction.com\/fr\/wp-json\/wp\/v2\/pages\/603","targetHints":{"allow":["GET"]}}],"collection":[{"href":"https:\/\/www.interface-traduction.com\/fr\/wp-json\/wp\/v2\/pages"}],"about":[{"href":"https:\/\/www.interface-traduction.com\/fr\/wp-json\/wp\/v2\/types\/page"}],"author":[{"embeddable":true,"href":"https:\/\/www.interface-traduction.com\/fr\/wp-json\/wp\/v2\/users\/1"}],"replies":[{"embeddable":true,"href":"https:\/\/www.interface-traduction.com\/fr\/wp-json\/wp\/v2\/comments?post=603"}],"version-history":[{"count":26,"href":"https:\/\/www.interface-traduction.com\/fr\/wp-json\/wp\/v2\/pages\/603\/revisions"}],"predecessor-version":[{"id":7118,"href":"https:\/\/www.interface-traduction.com\/fr\/wp-json\/wp\/v2\/pages\/603\/revisions\/7118"}],"wp:attachment":[{"href":"https:\/\/www.interface-traduction.com\/fr\/wp-json\/wp\/v2\/media?parent=603"}],"curies":[{"name":"wp","href":"https:\/\/api.w.org\/{rel}","templated":true}]}}