{"id":619,"date":"2023-07-11T14:50:59","date_gmt":"2023-07-11T12:50:59","guid":{"rendered":"https:\/\/www.interface-traduction.com\/?page_id=619"},"modified":"2024-09-19T08:19:46","modified_gmt":"2024-09-19T06:19:46","slug":"materiel-de-sonorisation","status":"publish","type":"page","link":"https:\/\/www.interface-traduction.com\/fr\/materiel-de-sonorisation\/","title":{"rendered":"Mat\u00e9riel de sonorisation"},"content":{"rendered":"\t\t<div data-elementor-type=\"wp-page\" data-elementor-id=\"619\" class=\"elementor elementor-619\" data-elementor-post-type=\"page\">\n\t\t\t\t\t\t<section class=\"elementor-section elementor-top-section elementor-element elementor-element-7e0995f elementor-section-full_width elementor-section-height-default elementor-section-height-default elementor-invisible\" data-id=\"7e0995f\" data-element_type=\"section\" data-e-type=\"section\" data-settings=\"{&quot;animation&quot;:&quot;fadeIn&quot;}\">\n\t\t\t\t\t\t<div class=\"elementor-container elementor-column-gap-default\">\n\t\t\t\t\t<div class=\"elementor-column elementor-col-100 elementor-top-column elementor-element elementor-element-d61a182\" data-id=\"d61a182\" data-element_type=\"column\" data-e-type=\"column\">\n\t\t\t<div class=\"elementor-widget-wrap elementor-element-populated\">\n\t\t\t\t\t\t<div class=\"elementor-element elementor-element-070a835 elementor-widget elementor-widget-heading\" data-id=\"070a835\" data-element_type=\"widget\" data-e-type=\"widget\" data-widget_type=\"heading.default\">\n\t\t\t\t<div class=\"elementor-widget-container\">\n\t\t\t\t\t<h1 class=\"elementor-heading-title elementor-size-default\">MAT\u00c9RIEL DE SONORISATION POUR INTERPR\u00c9TATION SIMULTAN\u00c9E<\/h1>\t\t\t\t<\/div>\n\t\t\t\t<\/div>\n\t\t\t\t<div class=\"elementor-element elementor-element-c8a9463 elementor-widget elementor-widget-text-editor\" data-id=\"c8a9463\" data-element_type=\"widget\" data-e-type=\"widget\" data-widget_type=\"text-editor.default\">\n\t\t\t\t<div class=\"elementor-widget-container\">\n\t\t\t\t\t\t\t\t\t<div class=\"views-field views-field-body\"><div class=\"field-content\"><p class=\"text-align-center\">En plus de ses services professionnels de traduction et d&rsquo;interpr\u00e9tation, <a href=\"https:\/\/www.interface-traduction.com\/fr\/\">Interface ICLG<\/a> vous propose une gamme de\u00a0<strong>mat\u00e9riel de sonorisation\u00a0<\/strong>pour vos r\u00e9unions, conf\u00e9rences et autres \u00e9v\u00e9nements. \u00c0 Lyon, \u00e0 Paris et partout en France, nous mettons \u00e0 votre disposition les solutions techniques les plus adapt\u00e9es pour r\u00e9pondre \u00e0 vos besoins sp\u00e9cifiques d&rsquo;<strong>interpr\u00e9tariat simultan\u00e9<\/strong>.<\/p><\/div><\/div>\t\t\t\t\t\t\t\t<\/div>\n\t\t\t\t<\/div>\n\t\t\t\t\t<\/div>\n\t\t<\/div>\n\t\t\t\t\t<\/div>\n\t\t<\/section>\n\t\t\t\t<section class=\"elementor-section elementor-top-section elementor-element elementor-element-38a3d76 elementor-section-full_width elementor-section-height-default elementor-section-height-default elementor-invisible\" data-id=\"38a3d76\" data-element_type=\"section\" data-e-type=\"section\" data-settings=\"{&quot;animation&quot;:&quot;fadeIn&quot;}\">\n\t\t\t\t\t\t<div class=\"elementor-container elementor-column-gap-no\">\n\t\t\t\t\t<div class=\"elementor-column elementor-col-100 elementor-top-column elementor-element elementor-element-8f70202\" data-id=\"8f70202\" data-element_type=\"column\" data-e-type=\"column\">\n\t\t\t<div class=\"elementor-widget-wrap elementor-element-populated\">\n\t\t\t\t\t\t<div class=\"elementor-element elementor-element-868215f elementor-widget elementor-widget-heading\" data-id=\"868215f\" data-element_type=\"widget\" data-e-type=\"widget\" data-widget_type=\"heading.default\">\n\t\t\t\t<div class=\"elementor-widget-container\">\n\t\t\t\t\t<h2 class=\"elementor-heading-title elementor-size-default\">NOTRE OFFRE DE MAT\u00c9RIEL DE SONORISATION<\/h2>\t\t\t\t<\/div>\n\t\t\t\t<\/div>\n\t\t\t\t<div class=\"elementor-element elementor-element-d66df51 elementor-widget elementor-widget-text-editor\" data-id=\"d66df51\" data-element_type=\"widget\" data-e-type=\"widget\" data-widget_type=\"text-editor.default\">\n\t\t\t\t<div class=\"elementor-widget-container\">\n\t\t\t\t\t\t\t\t\t<div class=\"views-field views-field-body\"><div class=\"field-content\"><p>En compl\u00e9ment de la location de\u00a0<a href=\"https:\/\/www.interface-traduction.com\/fr\/materiel\">mat\u00e9riel d&rsquo;interpr\u00e9tation simultan\u00e9e<\/a>, Interface ICLG met \u00e0 votre disposition du mat\u00e9riel de sonorisation professionnel, si le lieu de l&rsquo;\u00e9v\u00e9nement n&rsquo;en est pas \u00e9quip\u00e9.<\/p><p>Micros de conf\u00e9rence, haut-parleurs, enceintes, micros tribune, micros pupitre, boucle magn\u00e9tique pour les malentendants&#8230; Nous vous proposons des \u00e9quipements adapt\u00e9s \u00e0 la disposition de la salle de r\u00e9union, au nombre de participants, mais aussi \u00e0 la nature de votre \u00e9v\u00e9nement.<\/p><\/div><\/div>\t\t\t\t\t\t\t\t<\/div>\n\t\t\t\t<\/div>\n\t\t\t\t\t<\/div>\n\t\t<\/div>\n\t\t\t\t\t<\/div>\n\t\t<\/section>\n\t\t\t\t<section class=\"elementor-section elementor-top-section elementor-element elementor-element-8184712 elementor-section-full_width elementor-section-height-default elementor-section-height-default elementor-invisible\" data-id=\"8184712\" data-element_type=\"section\" data-e-type=\"section\" data-settings=\"{&quot;animation&quot;:&quot;fadeIn&quot;}\">\n\t\t\t\t\t\t<div class=\"elementor-container elementor-column-gap-no\">\n\t\t\t\t\t<div class=\"elementor-column elementor-col-100 elementor-top-column elementor-element elementor-element-ef18183\" data-id=\"ef18183\" data-element_type=\"column\" data-e-type=\"column\">\n\t\t\t<div class=\"elementor-widget-wrap elementor-element-populated\">\n\t\t\t\t\t\t<div class=\"elementor-element elementor-element-7d52342 elementor-widget elementor-widget-heading\" data-id=\"7d52342\" data-element_type=\"widget\" data-e-type=\"widget\" data-widget_type=\"heading.default\">\n\t\t\t\t<div class=\"elementor-widget-container\">\n\t\t\t\t\t<h2 class=\"elementor-heading-title elementor-size-default\"> POURQUOI FAIRE APPEL \u00c0 NOUS ?<\/h2>\t\t\t\t<\/div>\n\t\t\t\t<\/div>\n\t\t\t\t<div class=\"elementor-element elementor-element-87b1322 elementor-widget elementor-widget-text-editor\" data-id=\"87b1322\" data-element_type=\"widget\" data-e-type=\"widget\" data-widget_type=\"text-editor.default\">\n\t\t\t\t<div class=\"elementor-widget-container\">\n\t\t\t\t\t\t\t\t\t<div class=\"views-field views-field-body\"><div class=\"field-content\"><p>Avec son offre de\u00a0<strong>location de mat\u00e9riel de sonorisation pour l&rsquo;interpr\u00e9tation simultan\u00e9e<\/strong>, Interface ICLG met \u00e0 votre disposition des \u00e9quipements performants, mais aussi une assistance technique personnalis\u00e9e. Profitez d&rsquo;un mat\u00e9riel d&rsquo;interpr\u00e9tation simultan\u00e9e \u00e0 la pointe de la technologie, parfaitement adapt\u00e9 pour votre \u00e9v\u00e9nement.<\/p><p>Tout au long de la conf\u00e9rence ou de la r\u00e9union, une \u00e9quipe de techniciens d\u00e9di\u00e9e veille au bon fonctionnement du mat\u00e9riel de sonorisation. Une offre cl\u00e9 en main qui garantit le parfait d\u00e9roulement de votre \u00e9v\u00e9nement.<\/p><\/div><\/div>\t\t\t\t\t\t\t\t<\/div>\n\t\t\t\t<\/div>\n\t\t\t\t\t<\/div>\n\t\t<\/div>\n\t\t\t\t\t<\/div>\n\t\t<\/section>\n\t\t\t\t<section class=\"elementor-section elementor-top-section elementor-element elementor-element-5892e0e elementor-section-full_width elementor-section-height-default elementor-section-height-default elementor-invisible\" data-id=\"5892e0e\" data-element_type=\"section\" data-e-type=\"section\" data-settings=\"{&quot;animation&quot;:&quot;fadeIn&quot;}\">\n\t\t\t\t\t\t<div class=\"elementor-container elementor-column-gap-no\">\n\t\t\t\t\t<div class=\"elementor-column elementor-col-100 elementor-top-column elementor-element elementor-element-5b48540\" data-id=\"5b48540\" data-element_type=\"column\" data-e-type=\"column\">\n\t\t\t<div class=\"elementor-widget-wrap elementor-element-populated\">\n\t\t\t\t\t\t<div class=\"elementor-element elementor-element-0147aa0 elementor-widget elementor-widget-heading\" data-id=\"0147aa0\" data-element_type=\"widget\" data-e-type=\"widget\" data-widget_type=\"heading.default\">\n\t\t\t\t<div class=\"elementor-widget-container\">\n\t\t\t\t\t<h2 class=\"elementor-heading-title elementor-size-default\">NOS AUTRES SOLUTIONS DE MAT\u00c9RIEL D\u2019INTERPR\u00c9TATION SIMULTAN\u00c9E<\/h2>\t\t\t\t<\/div>\n\t\t\t\t<\/div>\n\t\t\t\t<div class=\"elementor-element elementor-element-54bcc61 elementor-widget elementor-widget-text-editor\" data-id=\"54bcc61\" data-element_type=\"widget\" data-e-type=\"widget\" data-widget_type=\"text-editor.default\">\n\t\t\t\t<div class=\"elementor-widget-container\">\n\t\t\t\t\t\t\t\t\t<div class=\"views-field views-field-body\">\n<div class=\"field-content\">\n<p>En plus de la sonorisation, Interface ICLG met \u00e0 votre disposition de nombreux \u00e9quipements de haute qualit\u00e9 : mat\u00e9riel infrarouge, num\u00e9rique ou analogique, r\u00e9gie, radiateurs, casques st\u00e9thoscopiques&#8230; Notre&nbsp;<a href=\"https:\/\/www.interface-traduction.com\/fr\/agence-de-traduction-paris-iclg\/\">agence de traduction \u00e0 Paris<\/a> et Lyon&nbsp;vous propose aussi du mat\u00e9riel HF : un dispositif l\u00e9ger permettant \u00e0 l&rsquo;interpr\u00e8te de parler dans un micro \u00e0 voix basse.<\/p>\n<p>Enfin, nos cabines de traduction, pouvant accueillir jusqu&rsquo;\u00e0 deux interpr\u00e8tes, garantissent une qualit\u00e9 de son et un confort irr\u00e9prochables. Compl\u00e8tement insonoris\u00e9es, elles permettent aux interpr\u00e8tes de se concentrer au mieux sur les prises de parole afin de les retranscrire fid\u00e8lement.<\/p>\n<\/div>\n<\/div>\t\t\t\t\t\t\t\t<\/div>\n\t\t\t\t<\/div>\n\t\t\t\t\t<\/div>\n\t\t<\/div>\n\t\t\t\t\t<\/div>\n\t\t<\/section>\n\t\t\t\t<\/div>\n\t\t","protected":false},"excerpt":{"rendered":"<p>MAT\u00c9RIEL DE SONORISATION POUR INTERPR\u00c9TATION SIMULTAN\u00c9E En plus de ses services professionnels de traduction et d&rsquo;interpr\u00e9tation, Interface ICLG vous propose une gamme de\u00a0mat\u00e9riel de sonorisation\u00a0pour vos r\u00e9unions, conf\u00e9rences et autres \u00e9v\u00e9nements. \u00c0 Lyon, \u00e0 Paris et partout en France, nous mettons \u00e0 votre disposition les solutions techniques les plus adapt\u00e9es pour r\u00e9pondre \u00e0 vos besoins [&hellip;]<\/p>\n","protected":false},"author":1,"featured_media":0,"parent":0,"menu_order":0,"comment_status":"closed","ping_status":"closed","template":"elementor_header_footer","meta":{"footnotes":""},"class_list":["post-619","page","type-page","status-publish","hentry"],"yoast_head":"<!-- This site is optimized with the Yoast SEO plugin v27.4 - https:\/\/yoast.com\/product\/yoast-seo-wordpress\/ -->\n<title>Mat\u00e9riel sonorisation pour interpr\u00e9tation - Interface<\/title>\n<meta name=\"description\" content=\"Interface vous propose la location de mat\u00e9riel de sonorisation, pour vos besoins en interpr\u00e9tation simultan\u00e9e\" \/>\n<meta name=\"robots\" content=\"index, follow, max-snippet:-1, max-image-preview:large, max-video-preview:-1\" \/>\n<link rel=\"canonical\" href=\"https:\/\/www.interface-traduction.com\/fr\/materiel-de-sonorisation\/\" \/>\n<meta property=\"og:locale\" content=\"fr_FR\" \/>\n<meta property=\"og:type\" content=\"article\" \/>\n<meta property=\"og:title\" content=\"Mat\u00e9riel sonorisation pour interpr\u00e9tation - Interface\" \/>\n<meta property=\"og:description\" content=\"Interface vous propose la location de mat\u00e9riel de sonorisation, pour vos besoins en interpr\u00e9tation simultan\u00e9e\" \/>\n<meta property=\"og:url\" content=\"https:\/\/www.interface-traduction.com\/fr\/materiel-de-sonorisation\/\" \/>\n<meta property=\"og:site_name\" content=\"interface-traduction\" \/>\n<meta property=\"article:publisher\" content=\"https:\/\/www.facebook.com\/TraductionLyon\/?locale=fr_FR\" \/>\n<meta property=\"article:modified_time\" content=\"2024-09-19T06:19:46+00:00\" \/>\n<meta name=\"twitter:card\" content=\"summary_large_image\" \/>\n<meta name=\"twitter:label1\" content=\"Dur\u00e9e de lecture estim\u00e9e\" \/>\n\t<meta name=\"twitter:data1\" content=\"2 minutes\" \/>\n<script type=\"application\/ld+json\" class=\"yoast-schema-graph\">{\"@context\":\"https:\\\/\\\/schema.org\",\"@graph\":[{\"@type\":\"WebPage\",\"@id\":\"https:\\\/\\\/www.interface-traduction.com\\\/fr\\\/materiel-de-sonorisation\\\/\",\"url\":\"https:\\\/\\\/www.interface-traduction.com\\\/fr\\\/materiel-de-sonorisation\\\/\",\"name\":\"Mat\u00e9riel sonorisation pour interpr\u00e9tation - Interface\",\"isPartOf\":{\"@id\":\"https:\\\/\\\/www.interface-traduction.com\\\/fr\\\/#website\"},\"datePublished\":\"2023-07-11T12:50:59+00:00\",\"dateModified\":\"2024-09-19T06:19:46+00:00\",\"description\":\"Interface vous propose la location de mat\u00e9riel de sonorisation, pour vos besoins en interpr\u00e9tation simultan\u00e9e\",\"breadcrumb\":{\"@id\":\"https:\\\/\\\/www.interface-traduction.com\\\/fr\\\/materiel-de-sonorisation\\\/#breadcrumb\"},\"inLanguage\":\"fr-FR\",\"potentialAction\":[{\"@type\":\"ReadAction\",\"target\":[\"https:\\\/\\\/www.interface-traduction.com\\\/fr\\\/materiel-de-sonorisation\\\/\"]}]},{\"@type\":\"BreadcrumbList\",\"@id\":\"https:\\\/\\\/www.interface-traduction.com\\\/fr\\\/materiel-de-sonorisation\\\/#breadcrumb\",\"itemListElement\":[{\"@type\":\"ListItem\",\"position\":1,\"name\":\"Accueil\",\"item\":\"https:\\\/\\\/www.interface-traduction.com\\\/\"},{\"@type\":\"ListItem\",\"position\":2,\"name\":\"Mat\u00e9riel de sonorisation\"}]},{\"@type\":\"WebSite\",\"@id\":\"https:\\\/\\\/www.interface-traduction.com\\\/fr\\\/#website\",\"url\":\"https:\\\/\\\/www.interface-traduction.com\\\/fr\\\/\",\"name\":\"interface-traduction\",\"description\":\"Agence de traduction professionnelle Lyon\",\"publisher\":{\"@id\":\"https:\\\/\\\/www.interface-traduction.com\\\/fr\\\/#organization\"},\"potentialAction\":[{\"@type\":\"SearchAction\",\"target\":{\"@type\":\"EntryPoint\",\"urlTemplate\":\"https:\\\/\\\/www.interface-traduction.com\\\/fr\\\/?s={search_term_string}\"},\"query-input\":{\"@type\":\"PropertyValueSpecification\",\"valueRequired\":true,\"valueName\":\"search_term_string\"}}],\"inLanguage\":\"fr-FR\"},{\"@type\":\"Organization\",\"@id\":\"https:\\\/\\\/www.interface-traduction.com\\\/fr\\\/#organization\",\"name\":\"Interface Traduction\",\"url\":\"https:\\\/\\\/www.interface-traduction.com\\\/fr\\\/\",\"logo\":{\"@type\":\"ImageObject\",\"inLanguage\":\"fr-FR\",\"@id\":\"https:\\\/\\\/www.interface-traduction.com\\\/fr\\\/#\\\/schema\\\/logo\\\/image\\\/\",\"url\":\"https:\\\/\\\/www.interface-traduction.com\\\/wp-content\\\/uploads\\\/2026\\\/01\\\/LOGO-vecto-1.png\",\"contentUrl\":\"https:\\\/\\\/www.interface-traduction.com\\\/wp-content\\\/uploads\\\/2026\\\/01\\\/LOGO-vecto-1.png\",\"width\":812,\"height\":358,\"caption\":\"Interface Traduction\"},\"image\":{\"@id\":\"https:\\\/\\\/www.interface-traduction.com\\\/fr\\\/#\\\/schema\\\/logo\\\/image\\\/\"},\"sameAs\":[\"https:\\\/\\\/www.facebook.com\\\/TraductionLyon\\\/?locale=fr_FR\"]}]}<\/script>\n<!-- \/ Yoast SEO plugin. -->","yoast_head_json":{"title":"Mat\u00e9riel sonorisation pour interpr\u00e9tation - Interface","description":"Interface vous propose la location de mat\u00e9riel de sonorisation, pour vos besoins en interpr\u00e9tation simultan\u00e9e","robots":{"index":"index","follow":"follow","max-snippet":"max-snippet:-1","max-image-preview":"max-image-preview:large","max-video-preview":"max-video-preview:-1"},"canonical":"https:\/\/www.interface-traduction.com\/fr\/materiel-de-sonorisation\/","og_locale":"fr_FR","og_type":"article","og_title":"Mat\u00e9riel sonorisation pour interpr\u00e9tation - Interface","og_description":"Interface vous propose la location de mat\u00e9riel de sonorisation, pour vos besoins en interpr\u00e9tation simultan\u00e9e","og_url":"https:\/\/www.interface-traduction.com\/fr\/materiel-de-sonorisation\/","og_site_name":"interface-traduction","article_publisher":"https:\/\/www.facebook.com\/TraductionLyon\/?locale=fr_FR","article_modified_time":"2024-09-19T06:19:46+00:00","twitter_card":"summary_large_image","twitter_misc":{"Dur\u00e9e de lecture estim\u00e9e":"2 minutes"},"schema":{"@context":"https:\/\/schema.org","@graph":[{"@type":"WebPage","@id":"https:\/\/www.interface-traduction.com\/fr\/materiel-de-sonorisation\/","url":"https:\/\/www.interface-traduction.com\/fr\/materiel-de-sonorisation\/","name":"Mat\u00e9riel sonorisation pour interpr\u00e9tation - Interface","isPartOf":{"@id":"https:\/\/www.interface-traduction.com\/fr\/#website"},"datePublished":"2023-07-11T12:50:59+00:00","dateModified":"2024-09-19T06:19:46+00:00","description":"Interface vous propose la location de mat\u00e9riel de sonorisation, pour vos besoins en interpr\u00e9tation simultan\u00e9e","breadcrumb":{"@id":"https:\/\/www.interface-traduction.com\/fr\/materiel-de-sonorisation\/#breadcrumb"},"inLanguage":"fr-FR","potentialAction":[{"@type":"ReadAction","target":["https:\/\/www.interface-traduction.com\/fr\/materiel-de-sonorisation\/"]}]},{"@type":"BreadcrumbList","@id":"https:\/\/www.interface-traduction.com\/fr\/materiel-de-sonorisation\/#breadcrumb","itemListElement":[{"@type":"ListItem","position":1,"name":"Accueil","item":"https:\/\/www.interface-traduction.com\/"},{"@type":"ListItem","position":2,"name":"Mat\u00e9riel de sonorisation"}]},{"@type":"WebSite","@id":"https:\/\/www.interface-traduction.com\/fr\/#website","url":"https:\/\/www.interface-traduction.com\/fr\/","name":"interface-traduction","description":"Agence de traduction professionnelle Lyon","publisher":{"@id":"https:\/\/www.interface-traduction.com\/fr\/#organization"},"potentialAction":[{"@type":"SearchAction","target":{"@type":"EntryPoint","urlTemplate":"https:\/\/www.interface-traduction.com\/fr\/?s={search_term_string}"},"query-input":{"@type":"PropertyValueSpecification","valueRequired":true,"valueName":"search_term_string"}}],"inLanguage":"fr-FR"},{"@type":"Organization","@id":"https:\/\/www.interface-traduction.com\/fr\/#organization","name":"Interface Traduction","url":"https:\/\/www.interface-traduction.com\/fr\/","logo":{"@type":"ImageObject","inLanguage":"fr-FR","@id":"https:\/\/www.interface-traduction.com\/fr\/#\/schema\/logo\/image\/","url":"https:\/\/www.interface-traduction.com\/wp-content\/uploads\/2026\/01\/LOGO-vecto-1.png","contentUrl":"https:\/\/www.interface-traduction.com\/wp-content\/uploads\/2026\/01\/LOGO-vecto-1.png","width":812,"height":358,"caption":"Interface Traduction"},"image":{"@id":"https:\/\/www.interface-traduction.com\/fr\/#\/schema\/logo\/image\/"},"sameAs":["https:\/\/www.facebook.com\/TraductionLyon\/?locale=fr_FR"]}]}},"_links":{"self":[{"href":"https:\/\/www.interface-traduction.com\/fr\/wp-json\/wp\/v2\/pages\/619","targetHints":{"allow":["GET"]}}],"collection":[{"href":"https:\/\/www.interface-traduction.com\/fr\/wp-json\/wp\/v2\/pages"}],"about":[{"href":"https:\/\/www.interface-traduction.com\/fr\/wp-json\/wp\/v2\/types\/page"}],"author":[{"embeddable":true,"href":"https:\/\/www.interface-traduction.com\/fr\/wp-json\/wp\/v2\/users\/1"}],"replies":[{"embeddable":true,"href":"https:\/\/www.interface-traduction.com\/fr\/wp-json\/wp\/v2\/comments?post=619"}],"version-history":[{"count":23,"href":"https:\/\/www.interface-traduction.com\/fr\/wp-json\/wp\/v2\/pages\/619\/revisions"}],"predecessor-version":[{"id":4770,"href":"https:\/\/www.interface-traduction.com\/fr\/wp-json\/wp\/v2\/pages\/619\/revisions\/4770"}],"wp:attachment":[{"href":"https:\/\/www.interface-traduction.com\/fr\/wp-json\/wp\/v2\/media?parent=619"}],"curies":[{"name":"wp","href":"https:\/\/api.w.org\/{rel}","templated":true}]}}