{"id":621,"date":"2023-07-11T14:51:30","date_gmt":"2023-07-11T12:51:30","guid":{"rendered":"https:\/\/www.interface-traduction.com\/?page_id=621"},"modified":"2024-09-19T08:20:46","modified_gmt":"2024-09-19T06:20:46","slug":"materiel-dinterpretation-infrarouge","status":"publish","type":"page","link":"https:\/\/www.interface-traduction.com\/fr\/materiel-dinterpretation-infrarouge\/","title":{"rendered":"Mat\u00e9riel infrarouge"},"content":{"rendered":"\t\t<div data-elementor-type=\"wp-page\" data-elementor-id=\"621\" class=\"elementor elementor-621\" data-elementor-post-type=\"page\">\n\t\t\t\t\t\t<section class=\"elementor-section elementor-top-section elementor-element elementor-element-b04888c elementor-section-full_width elementor-section-height-default elementor-section-height-default elementor-invisible\" data-id=\"b04888c\" data-element_type=\"section\" data-e-type=\"section\" data-settings=\"{&quot;animation&quot;:&quot;fadeIn&quot;}\">\n\t\t\t\t\t\t<div class=\"elementor-container elementor-column-gap-default\">\n\t\t\t\t\t<div class=\"elementor-column elementor-col-100 elementor-top-column elementor-element elementor-element-6029404\" data-id=\"6029404\" data-element_type=\"column\" data-e-type=\"column\">\n\t\t\t<div class=\"elementor-widget-wrap elementor-element-populated\">\n\t\t\t\t\t\t<div class=\"elementor-element elementor-element-1526898 elementor-widget elementor-widget-heading\" data-id=\"1526898\" data-element_type=\"widget\" data-e-type=\"widget\" data-widget_type=\"heading.default\">\n\t\t\t\t<div class=\"elementor-widget-container\">\n\t\t\t\t\t<h1 class=\"elementor-heading-title elementor-size-default\">MAT\u00c9RIEL INFRAROUGE OU MAT\u00c9RIEL HF NUM\u00c9RIQUE AVEC CABINE<\/h1>\t\t\t\t<\/div>\n\t\t\t\t<\/div>\n\t\t\t\t<div class=\"elementor-element elementor-element-8b1685f elementor-widget elementor-widget-text-editor\" data-id=\"8b1685f\" data-element_type=\"widget\" data-e-type=\"widget\" data-widget_type=\"text-editor.default\">\n\t\t\t\t<div class=\"elementor-widget-container\">\n\t\t\t\t\t\t\t\t\t<div class=\"views-field views-field-body\"><div class=\"field-content\"><p class=\"text-align-center\">Avec l&rsquo;<a href=\"https:\/\/www.interface-traduction.com\/fr\/\">agence de traduction<\/a> Interface ICLG, b\u00e9n\u00e9ficiez d&rsquo;une solution globale incluant l\u2019interpr\u00e9tariat, le\u00a0<a href=\"https:\/\/www.interface-traduction.com\/fr\/materiel\">mat\u00e9riel d&rsquo;interpr\u00e9tation simultan\u00e9e<\/a>\u00a0et m\u00eame la sonorisation. Nous vous proposons notamment une offre de\u00a0<strong>location de mat\u00e9riel fixe avec cabine<\/strong>, id\u00e9ale pour vos conf\u00e9rences, s\u00e9minaires et autres \u00e9v\u00e9nements internationaux de grande ampleur.<\/p><\/div><\/div>\t\t\t\t\t\t\t\t<\/div>\n\t\t\t\t<\/div>\n\t\t\t\t\t<\/div>\n\t\t<\/div>\n\t\t\t\t\t<\/div>\n\t\t<\/section>\n\t\t\t\t<section class=\"elementor-section elementor-top-section elementor-element elementor-element-df18ccb elementor-section-full_width elementor-section-height-default elementor-section-height-default elementor-invisible\" data-id=\"df18ccb\" data-element_type=\"section\" data-e-type=\"section\" data-settings=\"{&quot;animation&quot;:&quot;fadeIn&quot;}\">\n\t\t\t\t\t\t<div class=\"elementor-container elementor-column-gap-no\">\n\t\t\t\t\t<div class=\"elementor-column elementor-col-100 elementor-top-column elementor-element elementor-element-c8f9d7b\" data-id=\"c8f9d7b\" data-element_type=\"column\" data-e-type=\"column\">\n\t\t\t<div class=\"elementor-widget-wrap elementor-element-populated\">\n\t\t\t\t\t\t<div class=\"elementor-element elementor-element-c04439a elementor-widget elementor-widget-heading\" data-id=\"c04439a\" data-element_type=\"widget\" data-e-type=\"widget\" data-widget_type=\"heading.default\">\n\t\t\t\t<div class=\"elementor-widget-container\">\n\t\t\t\t\t<h2 class=\"elementor-heading-title elementor-size-default\">NOTRE SOLUTION DE MAT\u00c9RIEL FIXE AVEC CABINE<\/h2>\t\t\t\t<\/div>\n\t\t\t\t<\/div>\n\t\t\t\t<div class=\"elementor-element elementor-element-47ecce9 elementor-widget elementor-widget-text-editor\" data-id=\"47ecce9\" data-element_type=\"widget\" data-e-type=\"widget\" data-widget_type=\"text-editor.default\">\n\t\t\t\t<div class=\"elementor-widget-container\">\n\t\t\t\t\t\t\t\t\t<div class=\"views-field views-field-body\"><div class=\"field-content\"><p>Pour une installation avec cabine d&rsquo;interpr\u00e9tation, nous mettons \u00e0 votre disposition du\u00a0<strong>mat\u00e9riel infrarouge<\/strong>\u00a0avec des radiateurs infrarouge (qui permettent de diffuser le signal IR) ou bien du mat\u00e9riel HF num\u00e9rique, avec des \u00e9metteurs HF.<\/p><p>Par ailleurs, nous pouvons vous proposer des r\u00e9cepteurs st\u00e9thoscopiques ou des r\u00e9cepteurs avec casques filaires, sous forme de petits bo\u00eetiers.<\/p><p>De mani\u00e8re g\u00e9n\u00e9rale, cette solution cl\u00e9 en main inclut :<\/p><ul><li>Des cabines d&rsquo;interpr\u00e9tation simultan\u00e9e<\/li><li>Des pupitres d&rsquo;interpr\u00e9tation<\/li><li>Des casques de r\u00e9ception<\/li><li>Des micros de table et de pupitre<\/li><li>La sonorisation compl\u00e8te de la salle<\/li><li>Le transport et la pose du mat\u00e9riel d&rsquo;interpr\u00e9tation simultan\u00e9e<\/li><li>L&rsquo;assistance technique<\/li><\/ul><p>\u00a0<\/p><\/div><\/div>\t\t\t\t\t\t\t\t<\/div>\n\t\t\t\t<\/div>\n\t\t\t\t\t<\/div>\n\t\t<\/div>\n\t\t\t\t\t<\/div>\n\t\t<\/section>\n\t\t\t\t<section class=\"elementor-section elementor-top-section elementor-element elementor-element-ba2fcc9 elementor-section-full_width elementor-section-height-default elementor-section-height-default elementor-invisible\" data-id=\"ba2fcc9\" data-element_type=\"section\" data-e-type=\"section\" data-settings=\"{&quot;animation&quot;:&quot;fadeIn&quot;}\">\n\t\t\t\t\t\t<div class=\"elementor-container elementor-column-gap-no\">\n\t\t\t\t\t<div class=\"elementor-column elementor-col-100 elementor-top-column elementor-element elementor-element-1151628\" data-id=\"1151628\" data-element_type=\"column\" data-e-type=\"column\">\n\t\t\t<div class=\"elementor-widget-wrap elementor-element-populated\">\n\t\t\t\t\t\t<div class=\"elementor-element elementor-element-cfdd722 elementor-widget elementor-widget-heading\" data-id=\"cfdd722\" data-element_type=\"widget\" data-e-type=\"widget\" data-widget_type=\"heading.default\">\n\t\t\t\t<div class=\"elementor-widget-container\">\n\t\t\t\t\t<h2 class=\"elementor-heading-title elementor-size-default\">POURQUOI NOUS CHOISIR POUR VOTRE MAT\u00c9RIEL INFRAROUGE OU MAT\u00c9RIEL HF NUM\u00c9RIQUE AVEC CABINE ?<\/h2>\t\t\t\t<\/div>\n\t\t\t\t<\/div>\n\t\t\t\t<div class=\"elementor-element elementor-element-7251dd4 elementor-widget elementor-widget-text-editor\" data-id=\"7251dd4\" data-element_type=\"widget\" data-e-type=\"widget\" data-widget_type=\"text-editor.default\">\n\t\t\t\t<div class=\"elementor-widget-container\">\n\t\t\t\t\t\t\t\t\t<div class=\"views-field views-field-body\">\n<div class=\"field-content\">\n<p>R\u00e9pondant aux normes ISO relatives au&nbsp;<strong>mat\u00e9riel d&rsquo;interpr\u00e9tation simultan\u00e9e<\/strong>, les \u00e9quipements propos\u00e9s par Interface ICLG vous garantissent un interpr\u00e9tariat de haute qualit\u00e9 et s&rsquo;adaptent \u00e0 tous les types d&rsquo;\u00e9v\u00e9nements.<\/p>\n<p>Nos cabines d&rsquo;interpr\u00e9tation simple (170x85x207) ou double(170x170x 207), vous garantissent une isolation acoustique irr\u00e9prochable, que ce soit pour les interpr\u00e8tes ou pour les participants de la r\u00e9union. En outre, elles peuvent accueillir jusqu&rsquo;\u00e0 deux interpr\u00e8tes utilisant la m\u00eame combinaison linguistique (par exemple : fran\u00e7ais-allemand). Ce syst\u00e8me permet l\u2019<strong>interpr\u00e9tation multidirectionnelle de 32 langues simultan\u00e9es<\/strong>.<\/p>\n<p>Notre&nbsp;<a href=\"https:\/\/www.interface-traduction.com\/fr\/agence-de-traduction-paris-iclg\/\">agence de traduction \u00e0 Paris<\/a> et Lyon&nbsp;vous apporte \u00e9galement une assistance technique sur mesure, afin de vous aider dans le choix de votre mat\u00e9riel et d&rsquo;assurer son bon fonctionnement durant l&rsquo;\u00e9v\u00e9nement. Syst\u00e9matiquement contr\u00f4l\u00e9s et nettoy\u00e9s, nos \u00e9quipements vous apporteront enti\u00e8re satisfaction.<\/p>\n<\/div>\n<\/div>\t\t\t\t\t\t\t\t<\/div>\n\t\t\t\t<\/div>\n\t\t\t\t\t<\/div>\n\t\t<\/div>\n\t\t\t\t\t<\/div>\n\t\t<\/section>\n\t\t\t\t<\/div>\n\t\t","protected":false},"excerpt":{"rendered":"<p>MAT\u00c9RIEL INFRAROUGE OU MAT\u00c9RIEL HF NUM\u00c9RIQUE AVEC CABINE Avec l&rsquo;agence de traduction Interface ICLG, b\u00e9n\u00e9ficiez d&rsquo;une solution globale incluant l\u2019interpr\u00e9tariat, le\u00a0mat\u00e9riel d&rsquo;interpr\u00e9tation simultan\u00e9e\u00a0et m\u00eame la sonorisation. Nous vous proposons notamment une offre de\u00a0location de mat\u00e9riel fixe avec cabine, id\u00e9ale pour vos conf\u00e9rences, s\u00e9minaires et autres \u00e9v\u00e9nements internationaux de grande ampleur. NOTRE SOLUTION DE MAT\u00c9RIEL FIXE [&hellip;]<\/p>\n","protected":false},"author":1,"featured_media":0,"parent":0,"menu_order":0,"comment_status":"closed","ping_status":"closed","template":"elementor_header_footer","meta":{"footnotes":""},"class_list":["post-621","page","type-page","status-publish","hentry"],"yoast_head":"<!-- This site is optimized with the Yoast SEO plugin v27.3 - https:\/\/yoast.com\/product\/yoast-seo-wordpress\/ -->\n<title>Location mat\u00e9riel infrarouge interpr\u00e9tation - Interface<\/title>\n<meta name=\"description\" content=\"Interface, votre agence d&#039;interpr\u00e9tariat \u00e0 Lyon et Paris, vous propose la location de mat\u00e9riel HF et infrarouge pour vos besoins\" \/>\n<meta name=\"robots\" content=\"index, follow, max-snippet:-1, max-image-preview:large, max-video-preview:-1\" \/>\n<link rel=\"canonical\" href=\"https:\/\/www.interface-traduction.com\/fr\/materiel-dinterpretation-infrarouge\/\" \/>\n<meta property=\"og:locale\" content=\"fr_FR\" \/>\n<meta property=\"og:type\" content=\"article\" \/>\n<meta property=\"og:title\" content=\"Location mat\u00e9riel infrarouge interpr\u00e9tation - Interface\" \/>\n<meta property=\"og:description\" content=\"Interface, votre agence d&#039;interpr\u00e9tariat \u00e0 Lyon et Paris, vous propose la location de mat\u00e9riel HF et infrarouge pour vos besoins\" \/>\n<meta property=\"og:url\" content=\"https:\/\/www.interface-traduction.com\/fr\/materiel-dinterpretation-infrarouge\/\" \/>\n<meta property=\"og:site_name\" content=\"interface-traduction\" \/>\n<meta property=\"article:publisher\" content=\"https:\/\/www.facebook.com\/TraductionLyon\/?locale=fr_FR\" \/>\n<meta property=\"article:modified_time\" content=\"2024-09-19T06:20:46+00:00\" \/>\n<meta name=\"twitter:card\" content=\"summary_large_image\" \/>\n<meta name=\"twitter:label1\" content=\"Dur\u00e9e de lecture estim\u00e9e\" \/>\n\t<meta name=\"twitter:data1\" content=\"2 minutes\" \/>\n<script type=\"application\/ld+json\" class=\"yoast-schema-graph\">{\"@context\":\"https:\\\/\\\/schema.org\",\"@graph\":[{\"@type\":\"WebPage\",\"@id\":\"https:\\\/\\\/www.interface-traduction.com\\\/fr\\\/materiel-dinterpretation-infrarouge\\\/\",\"url\":\"https:\\\/\\\/www.interface-traduction.com\\\/fr\\\/materiel-dinterpretation-infrarouge\\\/\",\"name\":\"Location mat\u00e9riel infrarouge interpr\u00e9tation - Interface\",\"isPartOf\":{\"@id\":\"https:\\\/\\\/www.interface-traduction.com\\\/fr\\\/#website\"},\"datePublished\":\"2023-07-11T12:51:30+00:00\",\"dateModified\":\"2024-09-19T06:20:46+00:00\",\"description\":\"Interface, votre agence d'interpr\u00e9tariat \u00e0 Lyon et Paris, vous propose la location de mat\u00e9riel HF et infrarouge pour vos besoins\",\"breadcrumb\":{\"@id\":\"https:\\\/\\\/www.interface-traduction.com\\\/fr\\\/materiel-dinterpretation-infrarouge\\\/#breadcrumb\"},\"inLanguage\":\"fr-FR\",\"potentialAction\":[{\"@type\":\"ReadAction\",\"target\":[\"https:\\\/\\\/www.interface-traduction.com\\\/fr\\\/materiel-dinterpretation-infrarouge\\\/\"]}]},{\"@type\":\"BreadcrumbList\",\"@id\":\"https:\\\/\\\/www.interface-traduction.com\\\/fr\\\/materiel-dinterpretation-infrarouge\\\/#breadcrumb\",\"itemListElement\":[{\"@type\":\"ListItem\",\"position\":1,\"name\":\"Accueil\",\"item\":\"https:\\\/\\\/www.interface-traduction.com\\\/\"},{\"@type\":\"ListItem\",\"position\":2,\"name\":\"Mat\u00e9riel infrarouge\"}]},{\"@type\":\"WebSite\",\"@id\":\"https:\\\/\\\/www.interface-traduction.com\\\/fr\\\/#website\",\"url\":\"https:\\\/\\\/www.interface-traduction.com\\\/fr\\\/\",\"name\":\"interface-traduction\",\"description\":\"Agence de traduction professionnelle Lyon\",\"publisher\":{\"@id\":\"https:\\\/\\\/www.interface-traduction.com\\\/fr\\\/#organization\"},\"potentialAction\":[{\"@type\":\"SearchAction\",\"target\":{\"@type\":\"EntryPoint\",\"urlTemplate\":\"https:\\\/\\\/www.interface-traduction.com\\\/fr\\\/?s={search_term_string}\"},\"query-input\":{\"@type\":\"PropertyValueSpecification\",\"valueRequired\":true,\"valueName\":\"search_term_string\"}}],\"inLanguage\":\"fr-FR\"},{\"@type\":\"Organization\",\"@id\":\"https:\\\/\\\/www.interface-traduction.com\\\/fr\\\/#organization\",\"name\":\"Interface Traduction\",\"url\":\"https:\\\/\\\/www.interface-traduction.com\\\/fr\\\/\",\"logo\":{\"@type\":\"ImageObject\",\"inLanguage\":\"fr-FR\",\"@id\":\"https:\\\/\\\/www.interface-traduction.com\\\/fr\\\/#\\\/schema\\\/logo\\\/image\\\/\",\"url\":\"https:\\\/\\\/www.interface-traduction.com\\\/wp-content\\\/uploads\\\/2026\\\/01\\\/LOGO-vecto-1.png\",\"contentUrl\":\"https:\\\/\\\/www.interface-traduction.com\\\/wp-content\\\/uploads\\\/2026\\\/01\\\/LOGO-vecto-1.png\",\"width\":812,\"height\":358,\"caption\":\"Interface Traduction\"},\"image\":{\"@id\":\"https:\\\/\\\/www.interface-traduction.com\\\/fr\\\/#\\\/schema\\\/logo\\\/image\\\/\"},\"sameAs\":[\"https:\\\/\\\/www.facebook.com\\\/TraductionLyon\\\/?locale=fr_FR\"]}]}<\/script>\n<!-- \/ Yoast SEO plugin. -->","yoast_head_json":{"title":"Location mat\u00e9riel infrarouge interpr\u00e9tation - Interface","description":"Interface, votre agence d'interpr\u00e9tariat \u00e0 Lyon et Paris, vous propose la location de mat\u00e9riel HF et infrarouge pour vos besoins","robots":{"index":"index","follow":"follow","max-snippet":"max-snippet:-1","max-image-preview":"max-image-preview:large","max-video-preview":"max-video-preview:-1"},"canonical":"https:\/\/www.interface-traduction.com\/fr\/materiel-dinterpretation-infrarouge\/","og_locale":"fr_FR","og_type":"article","og_title":"Location mat\u00e9riel infrarouge interpr\u00e9tation - Interface","og_description":"Interface, votre agence d'interpr\u00e9tariat \u00e0 Lyon et Paris, vous propose la location de mat\u00e9riel HF et infrarouge pour vos besoins","og_url":"https:\/\/www.interface-traduction.com\/fr\/materiel-dinterpretation-infrarouge\/","og_site_name":"interface-traduction","article_publisher":"https:\/\/www.facebook.com\/TraductionLyon\/?locale=fr_FR","article_modified_time":"2024-09-19T06:20:46+00:00","twitter_card":"summary_large_image","twitter_misc":{"Dur\u00e9e de lecture estim\u00e9e":"2 minutes"},"schema":{"@context":"https:\/\/schema.org","@graph":[{"@type":"WebPage","@id":"https:\/\/www.interface-traduction.com\/fr\/materiel-dinterpretation-infrarouge\/","url":"https:\/\/www.interface-traduction.com\/fr\/materiel-dinterpretation-infrarouge\/","name":"Location mat\u00e9riel infrarouge interpr\u00e9tation - Interface","isPartOf":{"@id":"https:\/\/www.interface-traduction.com\/fr\/#website"},"datePublished":"2023-07-11T12:51:30+00:00","dateModified":"2024-09-19T06:20:46+00:00","description":"Interface, votre agence d'interpr\u00e9tariat \u00e0 Lyon et Paris, vous propose la location de mat\u00e9riel HF et infrarouge pour vos besoins","breadcrumb":{"@id":"https:\/\/www.interface-traduction.com\/fr\/materiel-dinterpretation-infrarouge\/#breadcrumb"},"inLanguage":"fr-FR","potentialAction":[{"@type":"ReadAction","target":["https:\/\/www.interface-traduction.com\/fr\/materiel-dinterpretation-infrarouge\/"]}]},{"@type":"BreadcrumbList","@id":"https:\/\/www.interface-traduction.com\/fr\/materiel-dinterpretation-infrarouge\/#breadcrumb","itemListElement":[{"@type":"ListItem","position":1,"name":"Accueil","item":"https:\/\/www.interface-traduction.com\/"},{"@type":"ListItem","position":2,"name":"Mat\u00e9riel infrarouge"}]},{"@type":"WebSite","@id":"https:\/\/www.interface-traduction.com\/fr\/#website","url":"https:\/\/www.interface-traduction.com\/fr\/","name":"interface-traduction","description":"Agence de traduction professionnelle Lyon","publisher":{"@id":"https:\/\/www.interface-traduction.com\/fr\/#organization"},"potentialAction":[{"@type":"SearchAction","target":{"@type":"EntryPoint","urlTemplate":"https:\/\/www.interface-traduction.com\/fr\/?s={search_term_string}"},"query-input":{"@type":"PropertyValueSpecification","valueRequired":true,"valueName":"search_term_string"}}],"inLanguage":"fr-FR"},{"@type":"Organization","@id":"https:\/\/www.interface-traduction.com\/fr\/#organization","name":"Interface Traduction","url":"https:\/\/www.interface-traduction.com\/fr\/","logo":{"@type":"ImageObject","inLanguage":"fr-FR","@id":"https:\/\/www.interface-traduction.com\/fr\/#\/schema\/logo\/image\/","url":"https:\/\/www.interface-traduction.com\/wp-content\/uploads\/2026\/01\/LOGO-vecto-1.png","contentUrl":"https:\/\/www.interface-traduction.com\/wp-content\/uploads\/2026\/01\/LOGO-vecto-1.png","width":812,"height":358,"caption":"Interface Traduction"},"image":{"@id":"https:\/\/www.interface-traduction.com\/fr\/#\/schema\/logo\/image\/"},"sameAs":["https:\/\/www.facebook.com\/TraductionLyon\/?locale=fr_FR"]}]}},"_links":{"self":[{"href":"https:\/\/www.interface-traduction.com\/fr\/wp-json\/wp\/v2\/pages\/621","targetHints":{"allow":["GET"]}}],"collection":[{"href":"https:\/\/www.interface-traduction.com\/fr\/wp-json\/wp\/v2\/pages"}],"about":[{"href":"https:\/\/www.interface-traduction.com\/fr\/wp-json\/wp\/v2\/types\/page"}],"author":[{"embeddable":true,"href":"https:\/\/www.interface-traduction.com\/fr\/wp-json\/wp\/v2\/users\/1"}],"replies":[{"embeddable":true,"href":"https:\/\/www.interface-traduction.com\/fr\/wp-json\/wp\/v2\/comments?post=621"}],"version-history":[{"count":20,"href":"https:\/\/www.interface-traduction.com\/fr\/wp-json\/wp\/v2\/pages\/621\/revisions"}],"predecessor-version":[{"id":4774,"href":"https:\/\/www.interface-traduction.com\/fr\/wp-json\/wp\/v2\/pages\/621\/revisions\/4774"}],"wp:attachment":[{"href":"https:\/\/www.interface-traduction.com\/fr\/wp-json\/wp\/v2\/media?parent=621"}],"curies":[{"name":"wp","href":"https:\/\/api.w.org\/{rel}","templated":true}]}}