{"id":799,"date":"2023-07-12T09:14:54","date_gmt":"2023-07-12T07:14:54","guid":{"rendered":"https:\/\/www.interface-traduction.com\/?page_id=799"},"modified":"2026-01-06T19:09:04","modified_gmt":"2026-01-06T18:09:04","slug":"agence-traduction-medicale-interface","status":"publish","type":"page","link":"https:\/\/www.interface-traduction.com\/fr\/agence-traduction-medicale-interface\/","title":{"rendered":"Traduction m\u00e9dicale"},"content":{"rendered":"\t\t<div data-elementor-type=\"wp-page\" data-elementor-id=\"799\" class=\"elementor elementor-799\" data-elementor-post-type=\"page\">\n\t\t\t\t\t\t<section class=\"elementor-section elementor-top-section elementor-element elementor-element-8cba8f4 elementor-section-full_width elementor-section-height-default elementor-section-height-default elementor-invisible\" data-id=\"8cba8f4\" data-element_type=\"section\" data-e-type=\"section\" data-settings=\"{&quot;animation&quot;:&quot;fadeIn&quot;}\">\n\t\t\t\t\t\t<div class=\"elementor-container elementor-column-gap-default\">\n\t\t\t\t\t<div class=\"elementor-column elementor-col-100 elementor-top-column elementor-element elementor-element-441d7f1\" data-id=\"441d7f1\" data-element_type=\"column\" data-e-type=\"column\">\n\t\t\t<div class=\"elementor-widget-wrap elementor-element-populated\">\n\t\t\t\t\t\t<div class=\"elementor-element elementor-element-f0a91c7 elementor-widget elementor-widget-heading\" data-id=\"f0a91c7\" data-element_type=\"widget\" data-e-type=\"widget\" data-widget_type=\"heading.default\">\n\t\t\t\t<div class=\"elementor-widget-container\">\n\t\t\t\t\t<h1 class=\"elementor-heading-title elementor-size-default\">TRADUCTION M\u00c9DICALE ET INTERPR\u00c9TARIAT<\/h1>\t\t\t\t<\/div>\n\t\t\t\t<\/div>\n\t\t\t\t<div class=\"elementor-element elementor-element-b554860 elementor-widget elementor-widget-text-editor\" data-id=\"b554860\" data-element_type=\"widget\" data-e-type=\"widget\" data-widget_type=\"text-editor.default\">\n\t\t\t\t<div class=\"elementor-widget-container\">\n\t\t\t\t\t\t\t\t\t<p>Dans les domaines m\u00e9dicaux et pharmaceutiques, la traduction et l&rsquo;interpr\u00e9tation n\u00e9cessitent une v\u00e9ritable expertise, mais aussi une rigueur absolue. C&rsquo;est pourquoi Interface ICLG s\u00e9lectionne les meilleurs professionnels de l&rsquo;interpr\u00e9tariat et de la\u00a0<a href=\"https:\/\/www.interface-traduction.com\/fr\/traduction-paris-lyon\/\" target=\"_blank\" rel=\"noopener noreferrer\">traduction m\u00e9dicale \u00e0 Lyon<\/a>\u00a0et Paris. Nos traducteurs m\u00e9dicaux et interpr\u00e8tes travaillent avec leur langue maternelle, afin de vous apporter la plus grande pr\u00e9cision pour vos besoins. Il est important de faire appel \u00e0 une agence sp\u00e9cialiste en traduction m\u00e9dicale, votre domaine impactant directement des vies humaines.<\/p>\t\t\t\t\t\t\t\t<\/div>\n\t\t\t\t<\/div>\n\t\t\t\t\t<\/div>\n\t\t<\/div>\n\t\t\t\t\t<\/div>\n\t\t<\/section>\n\t\t\t\t<section class=\"elementor-section elementor-top-section elementor-element elementor-element-f858124 elementor-section-full_width elementor-section-height-default elementor-section-height-default elementor-invisible\" data-id=\"f858124\" data-element_type=\"section\" data-e-type=\"section\" data-settings=\"{&quot;animation&quot;:&quot;fadeIn&quot;}\">\n\t\t\t\t\t\t<div class=\"elementor-container elementor-column-gap-default\">\n\t\t\t\t\t<div class=\"elementor-column elementor-col-100 elementor-top-column elementor-element elementor-element-e528cb8\" data-id=\"e528cb8\" data-element_type=\"column\" data-e-type=\"column\">\n\t\t\t<div class=\"elementor-widget-wrap elementor-element-populated\">\n\t\t\t\t\t\t<div class=\"elementor-element elementor-element-3b62c24 elementor-widget elementor-widget-heading\" data-id=\"3b62c24\" data-element_type=\"widget\" data-e-type=\"widget\" data-widget_type=\"heading.default\">\n\t\t\t\t<div class=\"elementor-widget-container\">\n\t\t\t\t\t<h2 class=\"elementor-heading-title elementor-size-default\">L'INTERPR\u00c9TATION FINANCI\u00c8RE<\/h2>\t\t\t\t<\/div>\n\t\t\t\t<\/div>\n\t\t\t\t<div class=\"elementor-element elementor-element-80c296b elementor-widget elementor-widget-text-editor\" data-id=\"80c296b\" data-element_type=\"widget\" data-e-type=\"widget\" data-widget_type=\"text-editor.default\">\n\t\t\t\t<div class=\"elementor-widget-container\">\n\t\t\t\t\t\t\t\t\t<p>Interface ICLG,\u00a0<a href=\"https:\/\/www.interface-traduction.com\/fr\/interpretation-paris-lyon\/\">agence d&rsquo;interpr\u00e9tation m\u00e9dicale<\/a>, met \u00e0 votre disposition des\u00a0<strong>interpr\u00e8tes \u00e0 Lyon et Paris<\/strong>\u00a0pour tous types de conf\u00e9rences m\u00e9dicales, pharmaceutiques et scientifiques.<\/p><p>Forts de notre savoir-faire et de notre exp\u00e9rience, nous vous apportons un accompagnement complet lors de votre \u00e9v\u00e9nement. En amont du congr\u00e8s, nous effectuons un travail de pr\u00e9paration minutieux, en \u00e9tudiant le planning des diff\u00e9rentes interventions et les th\u00e9matiques abord\u00e9s. En s&rsquo;appuyant sur les supports de pr\u00e9sentation et autres documents, nos interpr\u00e8tes peuvent ainsi analyser le vocabulaire sp\u00e9cifique qui sera employ\u00e9 au cours des allocutions.<\/p><p>Au-del\u00e0 des conf\u00e9rences et congr\u00e8s, nos\u00a0<strong>experts de l&rsquo;interpr\u00e9tariat m\u00e9dical parisiens comme lyonnais<\/strong>\u00a0interviennent pour tous types d&rsquo;\u00e9v\u00e9nements : tables rondes scientifiques, formations, r\u00e9unions de travail, comit\u00e9s de direction&#8230; Quel que soit le contexte, ils sauront mettre \u00e0 profit leurs comp\u00e9tences linguistiques et m\u00e9dicales pour retranscrire fid\u00e8lement chaque prise de parole.<\/p>\t\t\t\t\t\t\t\t<\/div>\n\t\t\t\t<\/div>\n\t\t\t\t\t<\/div>\n\t\t<\/div>\n\t\t\t\t\t<\/div>\n\t\t<\/section>\n\t\t\t\t<section class=\"elementor-section elementor-top-section elementor-element elementor-element-5dd20c4 elementor-section-height-min-height elementor-section-boxed elementor-section-height-default elementor-section-items-middle elementor-invisible\" data-id=\"5dd20c4\" data-element_type=\"section\" data-e-type=\"section\" data-settings=\"{&quot;background_background&quot;:&quot;classic&quot;,&quot;animation&quot;:&quot;fadeIn&quot;}\">\n\t\t\t\t\t\t<div class=\"elementor-container elementor-column-gap-default\">\n\t\t\t\t\t<div class=\"elementor-column elementor-col-100 elementor-top-column elementor-element elementor-element-9849d46\" data-id=\"9849d46\" data-element_type=\"column\" data-e-type=\"column\">\n\t\t\t<div class=\"elementor-widget-wrap\">\n\t\t\t\t\t\t\t<\/div>\n\t\t<\/div>\n\t\t\t\t\t<\/div>\n\t\t<\/section>\n\t\t\t\t<section class=\"elementor-section elementor-top-section elementor-element elementor-element-6c19bd6 elementor-section-full_width elementor-section-height-default elementor-section-height-default elementor-invisible\" data-id=\"6c19bd6\" data-element_type=\"section\" data-e-type=\"section\" data-settings=\"{&quot;animation&quot;:&quot;fadeIn&quot;}\">\n\t\t\t\t\t\t<div class=\"elementor-container elementor-column-gap-default\">\n\t\t\t\t\t<div class=\"elementor-column elementor-col-100 elementor-top-column elementor-element elementor-element-fb80ed3\" data-id=\"fb80ed3\" data-element_type=\"column\" data-e-type=\"column\">\n\t\t\t<div class=\"elementor-widget-wrap elementor-element-populated\">\n\t\t\t\t\t\t<div class=\"elementor-element elementor-element-e58ebce elementor-widget elementor-widget-heading\" data-id=\"e58ebce\" data-element_type=\"widget\" data-e-type=\"widget\" data-widget_type=\"heading.default\">\n\t\t\t\t<div class=\"elementor-widget-container\">\n\t\t\t\t\t<h2 class=\"elementor-heading-title elementor-size-default\">LA TRADUCTION M\u00c9DICALE<\/h2>\t\t\t\t<\/div>\n\t\t\t\t<\/div>\n\t\t\t\t<div class=\"elementor-element elementor-element-96a5671 elementor-widget elementor-widget-text-editor\" data-id=\"96a5671\" data-element_type=\"widget\" data-e-type=\"widget\" data-widget_type=\"text-editor.default\">\n\t\t\t\t<div class=\"elementor-widget-container\">\n\t\t\t\t\t\t\t\t\t<p>Il existe dans le monde m\u00e9dical, de nombreuses terminologies complexes et abr\u00e9viations propres \u00e0 chaque profession. Ainsi, Interface ICLG s\u00e9lectionne des traducteurs professionnels \u00e0 Lyon et Paris sp\u00e9cialement form\u00e9s pour r\u00e9pondre \u00e0 vos besoins de\u00a0<strong>traductions m\u00e9dicales techniques.<\/strong>\u00a0Ainsi, nous sommes en mesure de restituer avec clart\u00e9, rigueur et pr\u00e9cision tous types de documents relatifs \u00e0 des dispositifs m\u00e9dicaux ou pharmaceutiques.<\/p><p>Nos sp\u00e9cialistes de la traduction m\u00e9dicale interviennent \u00e0 la fois dans le domaine pharmaceutique et dans l&rsquo;ensemble des sp\u00e9cialit\u00e9s m\u00e9dicales.<\/p>\t\t\t\t\t\t\t\t<\/div>\n\t\t\t\t<\/div>\n\t\t\t\t\t<\/div>\n\t\t<\/div>\n\t\t\t\t\t<\/div>\n\t\t<\/section>\n\t\t\t\t<section class=\"elementor-section elementor-top-section elementor-element elementor-element-cdf1105 elementor-section-full_width elementor-section-height-default elementor-section-height-default elementor-invisible\" data-id=\"cdf1105\" data-element_type=\"section\" data-e-type=\"section\" data-settings=\"{&quot;animation&quot;:&quot;fadeIn&quot;}\">\n\t\t\t\t\t\t<div class=\"elementor-container elementor-column-gap-default\">\n\t\t\t\t\t<div class=\"elementor-column elementor-col-100 elementor-top-column elementor-element elementor-element-3cc03e2\" data-id=\"3cc03e2\" data-element_type=\"column\" data-e-type=\"column\">\n\t\t\t<div class=\"elementor-widget-wrap elementor-element-populated\">\n\t\t\t\t\t\t<div class=\"elementor-element elementor-element-8a3568f elementor-widget elementor-widget-heading\" data-id=\"8a3568f\" data-element_type=\"widget\" data-e-type=\"widget\" data-widget_type=\"heading.default\">\n\t\t\t\t<div class=\"elementor-widget-container\">\n\t\t\t\t\t<h2 class=\"elementor-heading-title elementor-size-default\">NOTRE EXPERTISE DE L'INTERPR\u00c9TARIAT ET DE LA TRADUCTION M\u00c9DICALE<\/h2>\t\t\t\t<\/div>\n\t\t\t\t<\/div>\n\t\t\t\t<div class=\"elementor-element elementor-element-ac9d6a3 elementor-widget elementor-widget-text-editor\" data-id=\"ac9d6a3\" data-element_type=\"widget\" data-e-type=\"widget\" data-widget_type=\"text-editor.default\">\n\t\t\t\t<div class=\"elementor-widget-container\">\n\t\t\t\t\t\t\t\t\tLa traduction et l&rsquo;interpr\u00e9tation m\u00e9dicales n\u00e9cessitent une ma\u00eetrise irr\u00e9prochable de la langue source et de la langue cible, mais aussi des connaissances approfondies dans le domaine de la sant\u00e9. C&rsquo;est pourquoi notre\u00a0<strong>agence d&rsquo;interpr\u00e9tariat et traduction m\u00e9dicale et pharmaceutique \u00e0 Lyon et Paris<\/strong>\u00a0met \u00e0 votre disposition des professionnels qualifi\u00e9s et exp\u00e9riment\u00e9s, traduisant syst\u00e9matiquement vers leur langue maternelle.\n\nQu&rsquo;il s&rsquo;agisse d&rsquo;un rapport m\u00e9dical, d&rsquo;un diagnostic, ou de la description d&rsquo;un produit pharmaceutique, nos experts sont en mesure de comprendre toutes les subtilit\u00e9s d&rsquo;un document et de le retranscrire fid\u00e8lement dans une autre langue. Nos interpr\u00e8tes et traducteurs \u00e0 Paris et Lyon ma\u00eetrisent les nuances li\u00e9es notamment aux pathologies et aux sp\u00e9cialit\u00e9s m\u00e9dicales&nbsp;:\n<ul>\n \t<li>cardiologie<\/li>\n \t<li>kin\u00e9sith\u00e9rapie<\/li>\n \t<li>ophtalmologie<\/li>\n \t<li>dermatologie<\/li>\n \t<li>orthodontie<\/li>\n \t<li>virologie&#8230;<\/li>\n<\/ul>\n&nbsp;\n\nDans le cadre d&rsquo;une conf\u00e9rence, nos sp\u00e9cialistes de l&rsquo;interpr\u00e9tariat m\u00e9dical vous garantissent une restitution fid\u00e8le et fluide des diff\u00e9rentes prises de parole, de mani\u00e8re simultan\u00e9e ou cons\u00e9cutive. Avec Interface ICLG, agence de traduction et d\u2019interpr\u00e9tation \u00e0 Lyon et Paris, vos \u00e9v\u00e9nements internationaux, y compris les plus techniques, sont compr\u00e9hensibles par l&rsquo;ensemble de votre public potentiellement multilingue.\t\t\t\t\t\t\t\t<\/div>\n\t\t\t\t<\/div>\n\t\t\t\t\t<\/div>\n\t\t<\/div>\n\t\t\t\t\t<\/div>\n\t\t<\/section>\n\t\t\t\t<section class=\"elementor-section elementor-top-section elementor-element elementor-element-7bdacb2 elementor-section-full_width elementor-section-height-default elementor-section-height-default elementor-invisible\" data-id=\"7bdacb2\" data-element_type=\"section\" data-e-type=\"section\" data-settings=\"{&quot;animation&quot;:&quot;fadeIn&quot;}\">\n\t\t\t\t\t\t<div class=\"elementor-container elementor-column-gap-default\">\n\t\t\t\t\t<div class=\"elementor-column elementor-col-100 elementor-top-column elementor-element elementor-element-4dfbc9c\" data-id=\"4dfbc9c\" data-element_type=\"column\" data-e-type=\"column\">\n\t\t\t<div class=\"elementor-widget-wrap elementor-element-populated\">\n\t\t\t\t\t\t<div class=\"elementor-element elementor-element-46e22ae elementor-widget elementor-widget-heading\" data-id=\"46e22ae\" data-element_type=\"widget\" data-e-type=\"widget\" data-widget_type=\"heading.default\">\n\t\t\t\t<div class=\"elementor-widget-container\">\n\t\t\t\t\t<h2 class=\"elementor-heading-title elementor-size-default\">NOS VALEURS<\/h2>\t\t\t\t<\/div>\n\t\t\t\t<\/div>\n\t\t\t\t<div class=\"elementor-element elementor-element-2160585 elementor-widget elementor-widget-text-editor\" data-id=\"2160585\" data-element_type=\"widget\" data-e-type=\"widget\" data-widget_type=\"text-editor.default\">\n\t\t\t\t<div class=\"elementor-widget-container\">\n\t\t\t\t\t\t\t\t\t<p>Chez ICLG, nous sommes fiers de nos valeurs qui sous-tendent notre travail et notre culture. Nous sommes une agence de traduction sp\u00e9cialis\u00e9e dans la traduction m\u00e9dicale et nous nous engageons \u00e0 fournir des services de traduction de qualit\u00e9 sup\u00e9rieure. Notre mission est de fournir des services de traduction m\u00e9dicale pr\u00e9cis et de qualit\u00e9 \u00e0 nos clients, et nous nous effor\u00e7ons de leur fournir un service personnalis\u00e9 et un soutien \u00e0 chaque \u00e9tape du processus. Nous croyons que la qualit\u00e9 est la cl\u00e9 du succ\u00e8s de notre collaboration. Nous mettons un point d&rsquo;honneur \u00e0 maintenir une communication ouverte et honn\u00eate avec nos clients et \u00e0 leur offrir un service personnalis\u00e9 et un soutien \u00e0 chaque \u00e9tape du processus. Nous nous engageons \u00e0 travailler avec nos clients pour leur fournir des solutions de traduction m\u00e9dicale personnalis\u00e9es et adapt\u00e9es \u00e0 leurs besoins.<\/p>\t\t\t\t\t\t\t\t<\/div>\n\t\t\t\t<\/div>\n\t\t\t\t\t<\/div>\n\t\t<\/div>\n\t\t\t\t\t<\/div>\n\t\t<\/section>\n\t\t\t\t<section class=\"elementor-section elementor-top-section elementor-element elementor-element-8474aa7 elementor-section-full_width elementor-section-height-default elementor-section-height-default elementor-invisible\" data-id=\"8474aa7\" data-element_type=\"section\" data-e-type=\"section\" data-settings=\"{&quot;animation&quot;:&quot;fadeIn&quot;}\">\n\t\t\t\t\t\t<div class=\"elementor-container elementor-column-gap-default\">\n\t\t\t\t\t<div class=\"elementor-column elementor-col-100 elementor-top-column elementor-element elementor-element-6cb051c\" data-id=\"6cb051c\" data-element_type=\"column\" data-e-type=\"column\">\n\t\t\t<div class=\"elementor-widget-wrap elementor-element-populated\">\n\t\t\t\t\t\t<div class=\"elementor-element elementor-element-201cb79 elementor-widget elementor-widget-heading\" data-id=\"201cb79\" data-element_type=\"widget\" data-e-type=\"widget\" data-widget_type=\"heading.default\">\n\t\t\t\t<div class=\"elementor-widget-container\">\n\t\t\t\t\t<h2 class=\"elementor-heading-title elementor-size-default\">FAIRE APPEL A UN SERVICE DE TRADUCTION M\u00c9DICALE<\/h2>\t\t\t\t<\/div>\n\t\t\t\t<\/div>\n\t\t\t\t<div class=\"elementor-element elementor-element-4427be1 elementor-widget elementor-widget-text-editor\" data-id=\"4427be1\" data-element_type=\"widget\" data-e-type=\"widget\" data-widget_type=\"text-editor.default\">\n\t\t\t\t<div class=\"elementor-widget-container\">\n\t\t\t\t\t\t\t\t\t<p>Si vous \u00eates une entreprise ou organisation du secteur m\u00e9dical, parapharmaceutique ou encore scientifique, nous vous recommandons de faire appel aux services de notre agence ICLG. Vous pouvez\u00a0<a href=\"https:\/\/www.interface-traduction.com\/fr\/contact\" target=\"_blank\" rel=\"noopener noreferrer\">nous contacter<\/a>\u00a0pour toute demande li\u00e9e \u00e0 votre projet.<\/p>\t\t\t\t\t\t\t\t<\/div>\n\t\t\t\t<\/div>\n\t\t\t\t\t<\/div>\n\t\t<\/div>\n\t\t\t\t\t<\/div>\n\t\t<\/section>\n\t\t\t\t<\/div>\n\t\t","protected":false},"excerpt":{"rendered":"<p>TRADUCTION M\u00c9DICALE ET INTERPR\u00c9TARIAT Dans les domaines m\u00e9dicaux et pharmaceutiques, la traduction et l&rsquo;interpr\u00e9tation n\u00e9cessitent une v\u00e9ritable expertise, mais aussi une rigueur absolue. C&rsquo;est pourquoi Interface ICLG s\u00e9lectionne les meilleurs professionnels de l&rsquo;interpr\u00e9tariat et de la\u00a0traduction m\u00e9dicale \u00e0 Lyon\u00a0et Paris. Nos traducteurs m\u00e9dicaux et interpr\u00e8tes travaillent avec leur langue maternelle, afin de vous apporter la [&hellip;]<\/p>\n","protected":false},"author":1,"featured_media":0,"parent":0,"menu_order":0,"comment_status":"closed","ping_status":"closed","template":"elementor_header_footer","meta":{"footnotes":""},"class_list":["post-799","page","type-page","status-publish","hentry"],"yoast_head":"<!-- This site is optimized with the Yoast SEO plugin v27.3 - https:\/\/yoast.com\/product\/yoast-seo-wordpress\/ -->\n<title>Agence traduction secteur m\u00e9dical - Interface<\/title>\n<meta name=\"description\" content=\"Interface traduit vos documents et supports dans le domaine m\u00e9dical en toutes langues : rapports, conf\u00e9rences, articles...\" \/>\n<meta name=\"robots\" content=\"index, follow, max-snippet:-1, max-image-preview:large, max-video-preview:-1\" \/>\n<link rel=\"canonical\" href=\"https:\/\/www.interface-traduction.com\/fr\/agence-traduction-medicale-interface\/\" \/>\n<meta property=\"og:locale\" content=\"fr_FR\" \/>\n<meta property=\"og:type\" content=\"article\" \/>\n<meta property=\"og:title\" content=\"Agence traduction secteur m\u00e9dical - Interface\" \/>\n<meta property=\"og:description\" content=\"Interface traduit vos documents et supports dans le domaine m\u00e9dical en toutes langues : rapports, conf\u00e9rences, articles...\" \/>\n<meta property=\"og:url\" content=\"https:\/\/www.interface-traduction.com\/fr\/agence-traduction-medicale-interface\/\" \/>\n<meta property=\"og:site_name\" content=\"interface-traduction\" \/>\n<meta property=\"article:publisher\" content=\"https:\/\/www.facebook.com\/TraductionLyon\/?locale=fr_FR\" \/>\n<meta property=\"article:modified_time\" content=\"2026-01-06T18:09:04+00:00\" \/>\n<meta name=\"twitter:card\" content=\"summary_large_image\" \/>\n<meta name=\"twitter:label1\" content=\"Dur\u00e9e de lecture estim\u00e9e\" \/>\n\t<meta name=\"twitter:data1\" content=\"4 minutes\" \/>\n<script type=\"application\/ld+json\" class=\"yoast-schema-graph\">{\"@context\":\"https:\\\/\\\/schema.org\",\"@graph\":[{\"@type\":\"WebPage\",\"@id\":\"https:\\\/\\\/www.interface-traduction.com\\\/fr\\\/agence-traduction-medicale-interface\\\/\",\"url\":\"https:\\\/\\\/www.interface-traduction.com\\\/fr\\\/agence-traduction-medicale-interface\\\/\",\"name\":\"Agence traduction secteur m\u00e9dical - Interface\",\"isPartOf\":{\"@id\":\"https:\\\/\\\/www.interface-traduction.com\\\/fr\\\/#website\"},\"datePublished\":\"2023-07-12T07:14:54+00:00\",\"dateModified\":\"2026-01-06T18:09:04+00:00\",\"description\":\"Interface traduit vos documents et supports dans le domaine m\u00e9dical en toutes langues : rapports, conf\u00e9rences, articles...\",\"breadcrumb\":{\"@id\":\"https:\\\/\\\/www.interface-traduction.com\\\/fr\\\/agence-traduction-medicale-interface\\\/#breadcrumb\"},\"inLanguage\":\"fr-FR\",\"potentialAction\":[{\"@type\":\"ReadAction\",\"target\":[\"https:\\\/\\\/www.interface-traduction.com\\\/fr\\\/agence-traduction-medicale-interface\\\/\"]}]},{\"@type\":\"BreadcrumbList\",\"@id\":\"https:\\\/\\\/www.interface-traduction.com\\\/fr\\\/agence-traduction-medicale-interface\\\/#breadcrumb\",\"itemListElement\":[{\"@type\":\"ListItem\",\"position\":1,\"name\":\"Accueil\",\"item\":\"https:\\\/\\\/www.interface-traduction.com\\\/\"},{\"@type\":\"ListItem\",\"position\":2,\"name\":\"Traduction m\u00e9dicale\"}]},{\"@type\":\"WebSite\",\"@id\":\"https:\\\/\\\/www.interface-traduction.com\\\/fr\\\/#website\",\"url\":\"https:\\\/\\\/www.interface-traduction.com\\\/fr\\\/\",\"name\":\"interface-traduction\",\"description\":\"Agence de traduction professionnelle Lyon\",\"publisher\":{\"@id\":\"https:\\\/\\\/www.interface-traduction.com\\\/fr\\\/#organization\"},\"potentialAction\":[{\"@type\":\"SearchAction\",\"target\":{\"@type\":\"EntryPoint\",\"urlTemplate\":\"https:\\\/\\\/www.interface-traduction.com\\\/fr\\\/?s={search_term_string}\"},\"query-input\":{\"@type\":\"PropertyValueSpecification\",\"valueRequired\":true,\"valueName\":\"search_term_string\"}}],\"inLanguage\":\"fr-FR\"},{\"@type\":\"Organization\",\"@id\":\"https:\\\/\\\/www.interface-traduction.com\\\/fr\\\/#organization\",\"name\":\"Interface Traduction\",\"url\":\"https:\\\/\\\/www.interface-traduction.com\\\/fr\\\/\",\"logo\":{\"@type\":\"ImageObject\",\"inLanguage\":\"fr-FR\",\"@id\":\"https:\\\/\\\/www.interface-traduction.com\\\/fr\\\/#\\\/schema\\\/logo\\\/image\\\/\",\"url\":\"https:\\\/\\\/www.interface-traduction.com\\\/wp-content\\\/uploads\\\/2026\\\/01\\\/LOGO-vecto-1.png\",\"contentUrl\":\"https:\\\/\\\/www.interface-traduction.com\\\/wp-content\\\/uploads\\\/2026\\\/01\\\/LOGO-vecto-1.png\",\"width\":812,\"height\":358,\"caption\":\"Interface Traduction\"},\"image\":{\"@id\":\"https:\\\/\\\/www.interface-traduction.com\\\/fr\\\/#\\\/schema\\\/logo\\\/image\\\/\"},\"sameAs\":[\"https:\\\/\\\/www.facebook.com\\\/TraductionLyon\\\/?locale=fr_FR\"]}]}<\/script>\n<!-- \/ Yoast SEO plugin. -->","yoast_head_json":{"title":"Agence traduction secteur m\u00e9dical - Interface","description":"Interface traduit vos documents et supports dans le domaine m\u00e9dical en toutes langues : rapports, conf\u00e9rences, articles...","robots":{"index":"index","follow":"follow","max-snippet":"max-snippet:-1","max-image-preview":"max-image-preview:large","max-video-preview":"max-video-preview:-1"},"canonical":"https:\/\/www.interface-traduction.com\/fr\/agence-traduction-medicale-interface\/","og_locale":"fr_FR","og_type":"article","og_title":"Agence traduction secteur m\u00e9dical - Interface","og_description":"Interface traduit vos documents et supports dans le domaine m\u00e9dical en toutes langues : rapports, conf\u00e9rences, articles...","og_url":"https:\/\/www.interface-traduction.com\/fr\/agence-traduction-medicale-interface\/","og_site_name":"interface-traduction","article_publisher":"https:\/\/www.facebook.com\/TraductionLyon\/?locale=fr_FR","article_modified_time":"2026-01-06T18:09:04+00:00","twitter_card":"summary_large_image","twitter_misc":{"Dur\u00e9e de lecture estim\u00e9e":"4 minutes"},"schema":{"@context":"https:\/\/schema.org","@graph":[{"@type":"WebPage","@id":"https:\/\/www.interface-traduction.com\/fr\/agence-traduction-medicale-interface\/","url":"https:\/\/www.interface-traduction.com\/fr\/agence-traduction-medicale-interface\/","name":"Agence traduction secteur m\u00e9dical - Interface","isPartOf":{"@id":"https:\/\/www.interface-traduction.com\/fr\/#website"},"datePublished":"2023-07-12T07:14:54+00:00","dateModified":"2026-01-06T18:09:04+00:00","description":"Interface traduit vos documents et supports dans le domaine m\u00e9dical en toutes langues : rapports, conf\u00e9rences, articles...","breadcrumb":{"@id":"https:\/\/www.interface-traduction.com\/fr\/agence-traduction-medicale-interface\/#breadcrumb"},"inLanguage":"fr-FR","potentialAction":[{"@type":"ReadAction","target":["https:\/\/www.interface-traduction.com\/fr\/agence-traduction-medicale-interface\/"]}]},{"@type":"BreadcrumbList","@id":"https:\/\/www.interface-traduction.com\/fr\/agence-traduction-medicale-interface\/#breadcrumb","itemListElement":[{"@type":"ListItem","position":1,"name":"Accueil","item":"https:\/\/www.interface-traduction.com\/"},{"@type":"ListItem","position":2,"name":"Traduction m\u00e9dicale"}]},{"@type":"WebSite","@id":"https:\/\/www.interface-traduction.com\/fr\/#website","url":"https:\/\/www.interface-traduction.com\/fr\/","name":"interface-traduction","description":"Agence de traduction professionnelle Lyon","publisher":{"@id":"https:\/\/www.interface-traduction.com\/fr\/#organization"},"potentialAction":[{"@type":"SearchAction","target":{"@type":"EntryPoint","urlTemplate":"https:\/\/www.interface-traduction.com\/fr\/?s={search_term_string}"},"query-input":{"@type":"PropertyValueSpecification","valueRequired":true,"valueName":"search_term_string"}}],"inLanguage":"fr-FR"},{"@type":"Organization","@id":"https:\/\/www.interface-traduction.com\/fr\/#organization","name":"Interface Traduction","url":"https:\/\/www.interface-traduction.com\/fr\/","logo":{"@type":"ImageObject","inLanguage":"fr-FR","@id":"https:\/\/www.interface-traduction.com\/fr\/#\/schema\/logo\/image\/","url":"https:\/\/www.interface-traduction.com\/wp-content\/uploads\/2026\/01\/LOGO-vecto-1.png","contentUrl":"https:\/\/www.interface-traduction.com\/wp-content\/uploads\/2026\/01\/LOGO-vecto-1.png","width":812,"height":358,"caption":"Interface Traduction"},"image":{"@id":"https:\/\/www.interface-traduction.com\/fr\/#\/schema\/logo\/image\/"},"sameAs":["https:\/\/www.facebook.com\/TraductionLyon\/?locale=fr_FR"]}]}},"_links":{"self":[{"href":"https:\/\/www.interface-traduction.com\/fr\/wp-json\/wp\/v2\/pages\/799","targetHints":{"allow":["GET"]}}],"collection":[{"href":"https:\/\/www.interface-traduction.com\/fr\/wp-json\/wp\/v2\/pages"}],"about":[{"href":"https:\/\/www.interface-traduction.com\/fr\/wp-json\/wp\/v2\/types\/page"}],"author":[{"embeddable":true,"href":"https:\/\/www.interface-traduction.com\/fr\/wp-json\/wp\/v2\/users\/1"}],"replies":[{"embeddable":true,"href":"https:\/\/www.interface-traduction.com\/fr\/wp-json\/wp\/v2\/comments?post=799"}],"version-history":[{"count":16,"href":"https:\/\/www.interface-traduction.com\/fr\/wp-json\/wp\/v2\/pages\/799\/revisions"}],"predecessor-version":[{"id":7174,"href":"https:\/\/www.interface-traduction.com\/fr\/wp-json\/wp\/v2\/pages\/799\/revisions\/7174"}],"wp:attachment":[{"href":"https:\/\/www.interface-traduction.com\/fr\/wp-json\/wp\/v2\/media?parent=799"}],"curies":[{"name":"wp","href":"https:\/\/api.w.org\/{rel}","templated":true}]}}