{"id":801,"date":"2023-07-12T09:16:06","date_gmt":"2023-07-12T07:16:06","guid":{"rendered":"https:\/\/www.interface-traduction.com\/?page_id=801"},"modified":"2026-01-06T19:12:25","modified_gmt":"2026-01-06T18:12:25","slug":"agence-de-traduction-juridique-interface","status":"publish","type":"page","link":"https:\/\/www.interface-traduction.com\/fr\/agence-de-traduction-juridique-interface\/","title":{"rendered":"Traduction juridique"},"content":{"rendered":"\t\t<div data-elementor-type=\"wp-page\" data-elementor-id=\"801\" class=\"elementor elementor-801\" data-elementor-post-type=\"page\">\n\t\t\t\t\t\t<section class=\"elementor-section elementor-top-section elementor-element elementor-element-1425b7cc elementor-section-full_width elementor-section-height-default elementor-section-height-default elementor-invisible\" data-id=\"1425b7cc\" data-element_type=\"section\" data-e-type=\"section\" data-settings=\"{&quot;animation&quot;:&quot;fadeIn&quot;}\">\n\t\t\t\t\t\t<div class=\"elementor-container elementor-column-gap-default\">\n\t\t\t\t\t<div class=\"elementor-column elementor-col-100 elementor-top-column elementor-element elementor-element-6cd1f01e\" data-id=\"6cd1f01e\" data-element_type=\"column\" data-e-type=\"column\">\n\t\t\t<div class=\"elementor-widget-wrap elementor-element-populated\">\n\t\t\t\t\t\t<div class=\"elementor-element elementor-element-947e292 elementor-widget elementor-widget-heading\" data-id=\"947e292\" data-element_type=\"widget\" data-e-type=\"widget\" data-widget_type=\"heading.default\">\n\t\t\t\t<div class=\"elementor-widget-container\">\n\t\t\t\t\t<h1 class=\"elementor-heading-title elementor-size-default\">TRADUCTION ET INTERPR\u00c9TARIAT JURIDIQUE<\/h1>\t\t\t\t<\/div>\n\t\t\t\t<\/div>\n\t\t\t\t<div class=\"elementor-element elementor-element-3c08fe80 elementor-widget elementor-widget-text-editor\" data-id=\"3c08fe80\" data-element_type=\"widget\" data-e-type=\"widget\" data-widget_type=\"text-editor.default\">\n\t\t\t\t<div class=\"elementor-widget-container\">\n\t\t\t\t\t\t\t\t\t<p>Dans le domaine du droit, la rigueur et la pr\u00e9cision sont les ma\u00eetres-mots. En cas d&rsquo;\u00e9changes multilingues, il est donc indispensable de faire appel \u00e0 une agence sp\u00e9cialis\u00e9e dans l&rsquo;<strong>interpr\u00e9tariat et la traduction juridique<\/strong>. ICLG met \u00e0 votre disposition les meilleurs experts de la traduction et de l&rsquo;interpr\u00e9tation juridique \u00e0 Lyon et Paris.<\/p>\t\t\t\t\t\t\t\t<\/div>\n\t\t\t\t<\/div>\n\t\t\t\t\t<\/div>\n\t\t<\/div>\n\t\t\t\t\t<\/div>\n\t\t<\/section>\n\t\t\t\t<section class=\"elementor-section elementor-top-section elementor-element elementor-element-5f41521 elementor-section-full_width elementor-section-height-default elementor-section-height-default elementor-invisible\" data-id=\"5f41521\" data-element_type=\"section\" data-e-type=\"section\" data-settings=\"{&quot;animation&quot;:&quot;fadeIn&quot;}\">\n\t\t\t\t\t\t<div class=\"elementor-container elementor-column-gap-default\">\n\t\t\t\t\t<div class=\"elementor-column elementor-col-100 elementor-top-column elementor-element elementor-element-24f22f40\" data-id=\"24f22f40\" data-element_type=\"column\" data-e-type=\"column\">\n\t\t\t<div class=\"elementor-widget-wrap elementor-element-populated\">\n\t\t\t\t\t\t<div class=\"elementor-element elementor-element-46669b87 elementor-widget elementor-widget-heading\" data-id=\"46669b87\" data-element_type=\"widget\" data-e-type=\"widget\" data-widget_type=\"heading.default\">\n\t\t\t\t<div class=\"elementor-widget-container\">\n\t\t\t\t\t<h2 class=\"elementor-heading-title elementor-size-default\">L'INTERPR\u00c9TATION JURIDIQUE<\/h2>\t\t\t\t<\/div>\n\t\t\t\t<\/div>\n\t\t\t\t<div class=\"elementor-element elementor-element-5b8ec78f elementor-widget elementor-widget-text-editor\" data-id=\"5b8ec78f\" data-element_type=\"widget\" data-e-type=\"widget\" data-widget_type=\"text-editor.default\">\n\t\t\t\t<div class=\"elementor-widget-container\">\n\t\t\t\t\t\t\t\t\t<p>L\u2019<a href=\"https:\/\/www.interface-traduction.com\/fr\/interpretation-paris-lyon\">interpr\u00e9tation juridique<\/a>\u00a0consiste \u00e0 traduire les \u00e9changes oraux entre deux parties de langues diff\u00e9rentes, lorsque les discussions sont ax\u00e9es sur le\u00a0<strong>domaine du droit<\/strong>. Ainsi, il peut intervenir dans de nombreux contextes, \u00e0 commencer par les proc\u00e9dures judiciaires : proc\u00e8s, d\u00e9position, audition de t\u00e9moin, interrogatoire&#8230;<\/p><p>Toutefois, d&rsquo;autres institutions peuvent avoir recours \u00e0 un interpr\u00e8te \u00e0 Lyon ou Paris dans le domaine juridique, qu&rsquo;il s&rsquo;agisse de minist\u00e8res, de partis politiques, d&rsquo;ONG ou d&rsquo;organismes internationaux : OMS, PFUE, etc.. Dans tous les cas, ces organisations peuvent compter sur les comp\u00e9tences sp\u00e9cifiques de l&rsquo;interpr\u00e8te pour traduire leurs \u00e9changes et autres n\u00e9gociations contractuels.<\/p><p>Il existe deux grandes m\u00e9thodes d&rsquo;interpr\u00e9tariat juridique :<\/p><ul><li>L\u2019<strong>interpr\u00e9tation simultan\u00e9e<\/strong>, qui consiste \u00e0 traduire les propos de l&rsquo;orateur en temps r\u00e9el.<\/li><li>L&rsquo;<strong>interpr\u00e9tation cons\u00e9cutive<\/strong>\u00a0: ici, l\u2019interpr\u00e8te prend des notes jusqu&rsquo;\u00e0 ce que l&rsquo;orateur marque une pause. Le traducteur peut alors retranscrire les phrases prononc\u00e9es auparavant.<\/li><\/ul><p>Dans tous les cas, nous s\u00e9lectionnons pour vous un interpr\u00e8te juridique r\u00e9pondant \u00e0 vos besoins et \u00e0 vos exigences sp\u00e9cifiques, que vous soyez dans le bassin lyonnais ou parisien.<\/p>\t\t\t\t\t\t\t\t<\/div>\n\t\t\t\t<\/div>\n\t\t\t\t\t<\/div>\n\t\t<\/div>\n\t\t\t\t\t<\/div>\n\t\t<\/section>\n\t\t\t\t<section class=\"elementor-section elementor-top-section elementor-element elementor-element-548b8bec elementor-section-height-min-height elementor-section-boxed elementor-section-height-default elementor-section-items-middle elementor-invisible\" data-id=\"548b8bec\" data-element_type=\"section\" data-e-type=\"section\" data-settings=\"{&quot;background_background&quot;:&quot;classic&quot;,&quot;animation&quot;:&quot;fadeIn&quot;}\">\n\t\t\t\t\t\t<div class=\"elementor-container elementor-column-gap-default\">\n\t\t\t\t\t<div class=\"elementor-column elementor-col-100 elementor-top-column elementor-element elementor-element-5a903668\" data-id=\"5a903668\" data-element_type=\"column\" data-e-type=\"column\">\n\t\t\t<div class=\"elementor-widget-wrap\">\n\t\t\t\t\t\t\t<\/div>\n\t\t<\/div>\n\t\t\t\t\t<\/div>\n\t\t<\/section>\n\t\t\t\t<section class=\"elementor-section elementor-top-section elementor-element elementor-element-35b6be8d elementor-section-full_width elementor-section-height-default elementor-section-height-default elementor-invisible\" data-id=\"35b6be8d\" data-element_type=\"section\" data-e-type=\"section\" data-settings=\"{&quot;animation&quot;:&quot;fadeIn&quot;}\">\n\t\t\t\t\t\t<div class=\"elementor-container elementor-column-gap-default\">\n\t\t\t\t\t<div class=\"elementor-column elementor-col-100 elementor-top-column elementor-element elementor-element-47b68d13\" data-id=\"47b68d13\" data-element_type=\"column\" data-e-type=\"column\">\n\t\t\t<div class=\"elementor-widget-wrap elementor-element-populated\">\n\t\t\t\t\t\t<div class=\"elementor-element elementor-element-37658ace elementor-widget elementor-widget-heading\" data-id=\"37658ace\" data-element_type=\"widget\" data-e-type=\"widget\" data-widget_type=\"heading.default\">\n\t\t\t\t<div class=\"elementor-widget-container\">\n\t\t\t\t\t<h2 class=\"elementor-heading-title elementor-size-default\">LA TRADUCTION JURIDIQUE<\/h2>\t\t\t\t<\/div>\n\t\t\t\t<\/div>\n\t\t\t\t<div class=\"elementor-element elementor-element-34f22986 elementor-widget elementor-widget-text-editor\" data-id=\"34f22986\" data-element_type=\"widget\" data-e-type=\"widget\" data-widget_type=\"text-editor.default\">\n\t\t\t\t<div class=\"elementor-widget-container\">\n\t\t\t\t\t\t\t\t\t<p>Interface ICLG prend \u00e9galement en charge la\u00a0<a href=\"https:\/\/www.interface-traduction.com\/fr\/traduction-paris-lyon\/\">traduction juridique \u00e0 Paris et Lyon<\/a>\u00a0de tous vos documents \u00e9crits :<\/p><ul><li>Contrats<\/li><li>Certificats et attestations<\/li><li>Statuts d&rsquo;entreprises<\/li><li>Pi\u00e8ces d&rsquo;\u00e9tat civil<\/li><li>Normes officielles<\/li><li>Conditions g\u00e9n\u00e9rales de vente<\/li><li>Autres documents administratifs<\/li><\/ul>\t\t\t\t\t\t\t\t<\/div>\n\t\t\t\t<\/div>\n\t\t\t\t\t<\/div>\n\t\t<\/div>\n\t\t\t\t\t<\/div>\n\t\t<\/section>\n\t\t\t\t<section class=\"elementor-section elementor-top-section elementor-element elementor-element-7e9cda65 elementor-section-full_width elementor-section-height-default elementor-section-height-default elementor-invisible\" data-id=\"7e9cda65\" data-element_type=\"section\" data-e-type=\"section\" data-settings=\"{&quot;animation&quot;:&quot;fadeIn&quot;}\">\n\t\t\t\t\t\t<div class=\"elementor-container elementor-column-gap-default\">\n\t\t\t\t\t<div class=\"elementor-column elementor-col-100 elementor-top-column elementor-element elementor-element-4903a1a5\" data-id=\"4903a1a5\" data-element_type=\"column\" data-e-type=\"column\">\n\t\t\t<div class=\"elementor-widget-wrap elementor-element-populated\">\n\t\t\t\t\t\t<div class=\"elementor-element elementor-element-da8c9b0 elementor-widget elementor-widget-heading\" data-id=\"da8c9b0\" data-element_type=\"widget\" data-e-type=\"widget\" data-widget_type=\"heading.default\">\n\t\t\t\t<div class=\"elementor-widget-container\">\n\t\t\t\t\t<h2 class=\"elementor-heading-title elementor-size-default\">NOTRE EXPERTISE EN INTERPR\u00c9TARIAT ET TRADUCTION JURIDIQUE<\/h2>\t\t\t\t<\/div>\n\t\t\t\t<\/div>\n\t\t\t\t<div class=\"elementor-element elementor-element-5ab50a3e elementor-widget elementor-widget-text-editor\" data-id=\"5ab50a3e\" data-element_type=\"widget\" data-e-type=\"widget\" data-widget_type=\"text-editor.default\">\n\t\t\t\t<div class=\"elementor-widget-container\">\n\t\t\t\t\t\t\t\t\t<p>L&rsquo;interpr\u00e9tation et la traduction juridique sont des m\u00e9tiers exigeants, qui requi\u00e8rent un grand professionnalisme, une v\u00e9ritable d\u00e9ontologie, une excellente m\u00e9moire, mais aussi des qualit\u00e9s de compr\u00e9hension et d&rsquo;expression orale. Par ailleurs, elles n\u00e9cessitent des connaissances approfondies dans le domaine du droit.<\/p><p>Interface ICLG, votre\u00a0<strong>agence de traduction et interpr\u00e9tation juridique \u00e0 Lyon et Paris<\/strong>, s\u00e9lectionne uniquement des professionnels dipl\u00f4m\u00e9s en droit ou disposant d&rsquo;une exp\u00e9rience significative dans ce domaine. Le droit \u00e9tant susceptible de varier d&rsquo;un pays \u00e0 l&rsquo;autre, nos traducteurs et interpr\u00e8tes \u00e0 Lyon et Paris ma\u00eetrisent toutes les subtilit\u00e9s juridiques de la langue source et de la langue cible, afin de restituer chaque phrase de mani\u00e8re coh\u00e9rente.<\/p><p>Outre leur ma\u00eetrise de la terminologie du droit, nos sp\u00e9cialistes de l&rsquo;interpr\u00e9tariat et de la traduction juridique poss\u00e8dent d&rsquo;excellentes qualit\u00e9s linguistiques. Qu&rsquo;il s&rsquo;agisse de retranscrire une conversation en temps r\u00e9el ou de traduire un document officiel, ils vous garantissent une traduction claire et pr\u00e9cise, restituant et contextualisant le message original sans jamais en trahir le sens.<\/p>\t\t\t\t\t\t\t\t<\/div>\n\t\t\t\t<\/div>\n\t\t\t\t\t<\/div>\n\t\t<\/div>\n\t\t\t\t\t<\/div>\n\t\t<\/section>\n\t\t\t\t<\/div>\n\t\t","protected":false},"excerpt":{"rendered":"<p>TRADUCTION ET INTERPR\u00c9TARIAT JURIDIQUE Dans le domaine du droit, la rigueur et la pr\u00e9cision sont les ma\u00eetres-mots. En cas d&rsquo;\u00e9changes multilingues, il est donc indispensable de faire appel \u00e0 une agence sp\u00e9cialis\u00e9e dans l&rsquo;interpr\u00e9tariat et la traduction juridique. ICLG met \u00e0 votre disposition les meilleurs experts de la traduction et de l&rsquo;interpr\u00e9tation juridique \u00e0 Lyon [&hellip;]<\/p>\n","protected":false},"author":1,"featured_media":0,"parent":0,"menu_order":0,"comment_status":"closed","ping_status":"closed","template":"elementor_header_footer","meta":{"footnotes":""},"class_list":["post-801","page","type-page","status-publish","hentry"],"yoast_head":"<!-- This site is optimized with the Yoast SEO plugin v27.4 - https:\/\/yoast.com\/product\/yoast-seo-wordpress\/ -->\n<title>Agence traduction juridique \u00e0 Lyon et Paris - Interface<\/title>\n<meta name=\"description\" content=\"Pour tous vos besoins de traduction juridique et l\u00e9gale, faites appel \u00e0 Interface, votre agence de traduction et interpr\u00e9tariat multilingue.\" \/>\n<meta name=\"robots\" content=\"index, follow, max-snippet:-1, max-image-preview:large, max-video-preview:-1\" \/>\n<link rel=\"canonical\" href=\"https:\/\/www.interface-traduction.com\/fr\/agence-de-traduction-juridique-interface\/\" \/>\n<meta property=\"og:locale\" content=\"fr_FR\" \/>\n<meta property=\"og:type\" content=\"article\" \/>\n<meta property=\"og:title\" content=\"Agence traduction juridique \u00e0 Lyon et Paris - Interface\" \/>\n<meta property=\"og:description\" content=\"Pour tous vos besoins de traduction juridique et l\u00e9gale, faites appel \u00e0 Interface, votre agence de traduction et interpr\u00e9tariat multilingue.\" \/>\n<meta property=\"og:url\" content=\"https:\/\/www.interface-traduction.com\/fr\/agence-de-traduction-juridique-interface\/\" \/>\n<meta property=\"og:site_name\" content=\"interface-traduction\" \/>\n<meta property=\"article:publisher\" content=\"https:\/\/www.facebook.com\/TraductionLyon\/?locale=fr_FR\" \/>\n<meta property=\"article:modified_time\" content=\"2026-01-06T18:12:25+00:00\" \/>\n<meta name=\"twitter:card\" content=\"summary_large_image\" \/>\n<meta name=\"twitter:label1\" content=\"Dur\u00e9e de lecture estim\u00e9e\" \/>\n\t<meta name=\"twitter:data1\" content=\"3 minutes\" \/>\n<script type=\"application\/ld+json\" class=\"yoast-schema-graph\">{\"@context\":\"https:\\\/\\\/schema.org\",\"@graph\":[{\"@type\":\"WebPage\",\"@id\":\"https:\\\/\\\/www.interface-traduction.com\\\/fr\\\/agence-de-traduction-juridique-interface\\\/\",\"url\":\"https:\\\/\\\/www.interface-traduction.com\\\/fr\\\/agence-de-traduction-juridique-interface\\\/\",\"name\":\"Agence traduction juridique \u00e0 Lyon et Paris - Interface\",\"isPartOf\":{\"@id\":\"https:\\\/\\\/www.interface-traduction.com\\\/fr\\\/#website\"},\"datePublished\":\"2023-07-12T07:16:06+00:00\",\"dateModified\":\"2026-01-06T18:12:25+00:00\",\"description\":\"Pour tous vos besoins de traduction juridique et l\u00e9gale, faites appel \u00e0 Interface, votre agence de traduction et interpr\u00e9tariat multilingue.\",\"breadcrumb\":{\"@id\":\"https:\\\/\\\/www.interface-traduction.com\\\/fr\\\/agence-de-traduction-juridique-interface\\\/#breadcrumb\"},\"inLanguage\":\"fr-FR\",\"potentialAction\":[{\"@type\":\"ReadAction\",\"target\":[\"https:\\\/\\\/www.interface-traduction.com\\\/fr\\\/agence-de-traduction-juridique-interface\\\/\"]}]},{\"@type\":\"BreadcrumbList\",\"@id\":\"https:\\\/\\\/www.interface-traduction.com\\\/fr\\\/agence-de-traduction-juridique-interface\\\/#breadcrumb\",\"itemListElement\":[{\"@type\":\"ListItem\",\"position\":1,\"name\":\"Accueil\",\"item\":\"https:\\\/\\\/www.interface-traduction.com\\\/\"},{\"@type\":\"ListItem\",\"position\":2,\"name\":\"Traduction juridique\"}]},{\"@type\":\"WebSite\",\"@id\":\"https:\\\/\\\/www.interface-traduction.com\\\/fr\\\/#website\",\"url\":\"https:\\\/\\\/www.interface-traduction.com\\\/fr\\\/\",\"name\":\"interface-traduction\",\"description\":\"Agence de traduction professionnelle Lyon\",\"publisher\":{\"@id\":\"https:\\\/\\\/www.interface-traduction.com\\\/fr\\\/#organization\"},\"potentialAction\":[{\"@type\":\"SearchAction\",\"target\":{\"@type\":\"EntryPoint\",\"urlTemplate\":\"https:\\\/\\\/www.interface-traduction.com\\\/fr\\\/?s={search_term_string}\"},\"query-input\":{\"@type\":\"PropertyValueSpecification\",\"valueRequired\":true,\"valueName\":\"search_term_string\"}}],\"inLanguage\":\"fr-FR\"},{\"@type\":\"Organization\",\"@id\":\"https:\\\/\\\/www.interface-traduction.com\\\/fr\\\/#organization\",\"name\":\"Interface Traduction\",\"url\":\"https:\\\/\\\/www.interface-traduction.com\\\/fr\\\/\",\"logo\":{\"@type\":\"ImageObject\",\"inLanguage\":\"fr-FR\",\"@id\":\"https:\\\/\\\/www.interface-traduction.com\\\/fr\\\/#\\\/schema\\\/logo\\\/image\\\/\",\"url\":\"https:\\\/\\\/www.interface-traduction.com\\\/wp-content\\\/uploads\\\/2026\\\/01\\\/LOGO-vecto-1.png\",\"contentUrl\":\"https:\\\/\\\/www.interface-traduction.com\\\/wp-content\\\/uploads\\\/2026\\\/01\\\/LOGO-vecto-1.png\",\"width\":812,\"height\":358,\"caption\":\"Interface Traduction\"},\"image\":{\"@id\":\"https:\\\/\\\/www.interface-traduction.com\\\/fr\\\/#\\\/schema\\\/logo\\\/image\\\/\"},\"sameAs\":[\"https:\\\/\\\/www.facebook.com\\\/TraductionLyon\\\/?locale=fr_FR\"]}]}<\/script>\n<!-- \/ Yoast SEO plugin. -->","yoast_head_json":{"title":"Agence traduction juridique \u00e0 Lyon et Paris - Interface","description":"Pour tous vos besoins de traduction juridique et l\u00e9gale, faites appel \u00e0 Interface, votre agence de traduction et interpr\u00e9tariat multilingue.","robots":{"index":"index","follow":"follow","max-snippet":"max-snippet:-1","max-image-preview":"max-image-preview:large","max-video-preview":"max-video-preview:-1"},"canonical":"https:\/\/www.interface-traduction.com\/fr\/agence-de-traduction-juridique-interface\/","og_locale":"fr_FR","og_type":"article","og_title":"Agence traduction juridique \u00e0 Lyon et Paris - Interface","og_description":"Pour tous vos besoins de traduction juridique et l\u00e9gale, faites appel \u00e0 Interface, votre agence de traduction et interpr\u00e9tariat multilingue.","og_url":"https:\/\/www.interface-traduction.com\/fr\/agence-de-traduction-juridique-interface\/","og_site_name":"interface-traduction","article_publisher":"https:\/\/www.facebook.com\/TraductionLyon\/?locale=fr_FR","article_modified_time":"2026-01-06T18:12:25+00:00","twitter_card":"summary_large_image","twitter_misc":{"Dur\u00e9e de lecture estim\u00e9e":"3 minutes"},"schema":{"@context":"https:\/\/schema.org","@graph":[{"@type":"WebPage","@id":"https:\/\/www.interface-traduction.com\/fr\/agence-de-traduction-juridique-interface\/","url":"https:\/\/www.interface-traduction.com\/fr\/agence-de-traduction-juridique-interface\/","name":"Agence traduction juridique \u00e0 Lyon et Paris - Interface","isPartOf":{"@id":"https:\/\/www.interface-traduction.com\/fr\/#website"},"datePublished":"2023-07-12T07:16:06+00:00","dateModified":"2026-01-06T18:12:25+00:00","description":"Pour tous vos besoins de traduction juridique et l\u00e9gale, faites appel \u00e0 Interface, votre agence de traduction et interpr\u00e9tariat multilingue.","breadcrumb":{"@id":"https:\/\/www.interface-traduction.com\/fr\/agence-de-traduction-juridique-interface\/#breadcrumb"},"inLanguage":"fr-FR","potentialAction":[{"@type":"ReadAction","target":["https:\/\/www.interface-traduction.com\/fr\/agence-de-traduction-juridique-interface\/"]}]},{"@type":"BreadcrumbList","@id":"https:\/\/www.interface-traduction.com\/fr\/agence-de-traduction-juridique-interface\/#breadcrumb","itemListElement":[{"@type":"ListItem","position":1,"name":"Accueil","item":"https:\/\/www.interface-traduction.com\/"},{"@type":"ListItem","position":2,"name":"Traduction juridique"}]},{"@type":"WebSite","@id":"https:\/\/www.interface-traduction.com\/fr\/#website","url":"https:\/\/www.interface-traduction.com\/fr\/","name":"interface-traduction","description":"Agence de traduction professionnelle Lyon","publisher":{"@id":"https:\/\/www.interface-traduction.com\/fr\/#organization"},"potentialAction":[{"@type":"SearchAction","target":{"@type":"EntryPoint","urlTemplate":"https:\/\/www.interface-traduction.com\/fr\/?s={search_term_string}"},"query-input":{"@type":"PropertyValueSpecification","valueRequired":true,"valueName":"search_term_string"}}],"inLanguage":"fr-FR"},{"@type":"Organization","@id":"https:\/\/www.interface-traduction.com\/fr\/#organization","name":"Interface Traduction","url":"https:\/\/www.interface-traduction.com\/fr\/","logo":{"@type":"ImageObject","inLanguage":"fr-FR","@id":"https:\/\/www.interface-traduction.com\/fr\/#\/schema\/logo\/image\/","url":"https:\/\/www.interface-traduction.com\/wp-content\/uploads\/2026\/01\/LOGO-vecto-1.png","contentUrl":"https:\/\/www.interface-traduction.com\/wp-content\/uploads\/2026\/01\/LOGO-vecto-1.png","width":812,"height":358,"caption":"Interface Traduction"},"image":{"@id":"https:\/\/www.interface-traduction.com\/fr\/#\/schema\/logo\/image\/"},"sameAs":["https:\/\/www.facebook.com\/TraductionLyon\/?locale=fr_FR"]}]}},"_links":{"self":[{"href":"https:\/\/www.interface-traduction.com\/fr\/wp-json\/wp\/v2\/pages\/801","targetHints":{"allow":["GET"]}}],"collection":[{"href":"https:\/\/www.interface-traduction.com\/fr\/wp-json\/wp\/v2\/pages"}],"about":[{"href":"https:\/\/www.interface-traduction.com\/fr\/wp-json\/wp\/v2\/types\/page"}],"author":[{"embeddable":true,"href":"https:\/\/www.interface-traduction.com\/fr\/wp-json\/wp\/v2\/users\/1"}],"replies":[{"embeddable":true,"href":"https:\/\/www.interface-traduction.com\/fr\/wp-json\/wp\/v2\/comments?post=801"}],"version-history":[{"count":16,"href":"https:\/\/www.interface-traduction.com\/fr\/wp-json\/wp\/v2\/pages\/801\/revisions"}],"predecessor-version":[{"id":7183,"href":"https:\/\/www.interface-traduction.com\/fr\/wp-json\/wp\/v2\/pages\/801\/revisions\/7183"}],"wp:attachment":[{"href":"https:\/\/www.interface-traduction.com\/fr\/wp-json\/wp\/v2\/media?parent=801"}],"curies":[{"name":"wp","href":"https:\/\/api.w.org\/{rel}","templated":true}]}}